{"id":2691,"date":"2021-12-23T14:02:04","date_gmt":"2021-12-23T14:02:04","guid":{"rendered":"https:\/\/ceresmedia.ch\/competences\/"},"modified":"2021-12-28T13:52:28","modified_gmt":"2021-12-28T13:52:28","slug":"competences","status":"publish","type":"page","link":"https:\/\/ceresmedia.ch\/fr\/competences\/","title":{"rendered":"Comp\u00e9tences"},"content":{"rendered":"\t\t<div data-elementor-type=\"wp-page\" data-elementor-id=\"2691\" class=\"elementor elementor-2691 elementor-39\" data-elementor-post-type=\"page\">\n\t\t\t\t\t\t<section class=\"elementor-section elementor-top-section elementor-element elementor-element-45c3d9d elementor-section-full_width elementor-reverse-tablet elementor-section-height-default elementor-section-height-default\" data-id=\"45c3d9d\" data-element_type=\"section\">\n\t\t\t\t\t\t<div class=\"elementor-container elementor-column-gap-default\">\n\t\t\t\t\t<div class=\"elementor-column elementor-col-50 elementor-top-column elementor-element elementor-element-5fffc64\" data-id=\"5fffc64\" data-element_type=\"column\">\n\t\t\t<div class=\"elementor-widget-wrap elementor-element-populated\">\n\t\t\t\t\t\t<div class=\"elementor-element elementor-element-45764eb elementor-widget elementor-widget-heading\" data-id=\"45764eb\" data-element_type=\"widget\" data-widget_type=\"heading.default\">\n\t\t\t\t<div class=\"elementor-widget-container\">\n\t\t\t\t\t<h1 class=\"elementor-heading-title elementor-size-default\">Comp\u00e9tences<\/h1>\t\t\t\t<\/div>\n\t\t\t\t<\/div>\n\t\t\t\t<div class=\"elementor-element elementor-element-bc805b4 elementor-widget elementor-widget-heading\" data-id=\"bc805b4\" data-element_type=\"widget\" data-widget_type=\"heading.default\">\n\t\t\t\t<div class=\"elementor-widget-container\">\n\t\t\t\t\t<p class=\"elementor-heading-title elementor-size-default\">La complexit\u00e9 croissante du paysage m\u00e9diatique repr\u00e9sente de nombreux d\u00e9fis pour les organisations sectorielles. C'est pourquoi CERES MEDIA apporte \u00e0 ses clients un soutien comp\u00e9tent en mati\u00e8re d'utilisation pertinente des m\u00e9dias dans une optique marketing, tant au travers de canaux num\u00e9riques que des m\u00e9dias hors ligne traditionnels.<\/p>\t\t\t\t<\/div>\n\t\t\t\t<\/div>\n\t\t\t\t\t<\/div>\n\t\t<\/div>\n\t\t\t\t<div class=\"elementor-column elementor-col-50 elementor-top-column elementor-element elementor-element-6fdd292\" data-id=\"6fdd292\" data-element_type=\"column\">\n\t\t\t<div class=\"elementor-widget-wrap elementor-element-populated\">\n\t\t\t\t\t\t<div class=\"elementor-element elementor-element-7e6dd55 elementor-widget elementor-widget-image\" data-id=\"7e6dd55\" data-element_type=\"widget\" data-widget_type=\"image.default\">\n\t\t\t\t<div class=\"elementor-widget-container\">\n\t\t\t\t\t\t\t\t\t\t\t\t\t\t\t<img fetchpriority=\"high\" decoding=\"async\" width=\"1920\" height=\"1080\" src=\"https:\/\/ceresmedia.ch\/wp-content\/uploads\/2021\/12\/bauer.jpg\" class=\"attachment-full size-full wp-image-3242\" alt=\"\" srcset=\"https:\/\/ceresmedia.ch\/wp-content\/uploads\/2021\/12\/bauer.jpg 1920w, https:\/\/ceresmedia.ch\/wp-content\/uploads\/2021\/12\/bauer-300x169.jpg 300w, https:\/\/ceresmedia.ch\/wp-content\/uploads\/2021\/12\/bauer-1024x576.jpg 1024w, https:\/\/ceresmedia.ch\/wp-content\/uploads\/2021\/12\/bauer-768x432.jpg 768w, https:\/\/ceresmedia.ch\/wp-content\/uploads\/2021\/12\/bauer-1536x864.jpg 1536w\" sizes=\"(max-width: 1920px) 100vw, 1920px\" \/>\t\t\t\t\t\t\t\t\t\t\t\t\t\t\t<\/div>\n\t\t\t\t<\/div>\n\t\t\t\t\t<\/div>\n\t\t<\/div>\n\t\t\t\t\t<\/div>\n\t\t<\/section>\n\t\t\t\t<section class=\"elementor-section elementor-top-section elementor-element elementor-element-3c95a7d elementor-section-full_width elementor-section-height-default elementor-section-height-default\" data-id=\"3c95a7d\" data-element_type=\"section\" data-settings=\"{&quot;background_background&quot;:&quot;classic&quot;}\">\n\t\t\t\t\t\t<div class=\"elementor-container elementor-column-gap-default\">\n\t\t\t\t\t<div class=\"elementor-column elementor-col-100 elementor-top-column elementor-element elementor-element-99aa3b1\" data-id=\"99aa3b1\" data-element_type=\"column\">\n\t\t\t<div class=\"elementor-widget-wrap elementor-element-populated\">\n\t\t\t\t\t\t<section class=\"elementor-section elementor-inner-section elementor-element elementor-element-acbb090 elementor-section-full_width elementor-section-height-default elementor-section-height-default\" data-id=\"acbb090\" data-element_type=\"section\">\n\t\t\t\t\t\t<div class=\"elementor-container elementor-column-gap-default\">\n\t\t\t\t\t<div class=\"elementor-column elementor-col-25 elementor-inner-column elementor-element elementor-element-37a6a6d\" data-id=\"37a6a6d\" data-element_type=\"column\">\n\t\t\t<div class=\"elementor-widget-wrap elementor-element-populated\">\n\t\t\t\t\t\t<div class=\"elementor-element elementor-element-c6b8571 elementor-widget elementor-widget-image\" data-id=\"c6b8571\" data-element_type=\"widget\" data-widget_type=\"image.default\">\n\t\t\t\t<div class=\"elementor-widget-container\">\n\t\t\t\t\t\t\t\t\t\t\t\t\t\t\t<img decoding=\"async\" width=\"181\" height=\"207\" src=\"https:\/\/ceresmedia.ch\/wp-content\/uploads\/2021\/12\/cat_tv_de.svg\" class=\"attachment-medium size-medium wp-image-3336\" alt=\"Ic\u00f4ne de la t\u00e9l\u00e9vision\" \/>\t\t\t\t\t\t\t\t\t\t\t\t\t\t\t<\/div>\n\t\t\t\t<\/div>\n\t\t\t\t\t<\/div>\n\t\t<\/div>\n\t\t\t\t<div class=\"elementor-column elementor-col-25 elementor-inner-column elementor-element elementor-element-52affa3\" data-id=\"52affa3\" data-element_type=\"column\">\n\t\t\t<div class=\"elementor-widget-wrap elementor-element-populated\">\n\t\t\t\t\t\t<div class=\"elementor-element elementor-element-3e79eca elementor-widget elementor-widget-image\" data-id=\"3e79eca\" data-element_type=\"widget\" data-widget_type=\"image.default\">\n\t\t\t\t<div class=\"elementor-widget-container\">\n\t\t\t\t\t\t\t\t\t\t\t\t\t\t\t<img decoding=\"async\" width=\"181\" height=\"208\" src=\"https:\/\/ceresmedia.ch\/wp-content\/uploads\/2021\/12\/ooh.svg\" class=\"attachment-medium size-medium wp-image-3338\" alt=\"\" \/>\t\t\t\t\t\t\t\t\t\t\t\t\t\t\t<\/div>\n\t\t\t\t<\/div>\n\t\t\t\t\t<\/div>\n\t\t<\/div>\n\t\t\t\t<div class=\"elementor-column elementor-col-25 elementor-inner-column elementor-element elementor-element-268f5f9\" data-id=\"268f5f9\" data-element_type=\"column\">\n\t\t\t<div class=\"elementor-widget-wrap elementor-element-populated\">\n\t\t\t\t\t\t<div class=\"elementor-element elementor-element-1be4c0f elementor-widget elementor-widget-image\" data-id=\"1be4c0f\" data-element_type=\"widget\" data-widget_type=\"image.default\">\n\t\t\t\t<div class=\"elementor-widget-container\">\n\t\t\t\t\t\t\t\t\t\t\t\t\t\t\t<img loading=\"lazy\" decoding=\"async\" width=\"181\" height=\"207\" src=\"https:\/\/ceresmedia.ch\/wp-content\/uploads\/2021\/12\/enligne.svg\" class=\"attachment-medium size-medium wp-image-3340\" alt=\"Ic\u00f4ne de publicit\u00e9 en ligne\" \/>\t\t\t\t\t\t\t\t\t\t\t\t\t\t\t<\/div>\n\t\t\t\t<\/div>\n\t\t\t\t\t<\/div>\n\t\t<\/div>\n\t\t\t\t<div class=\"elementor-column elementor-col-25 elementor-inner-column elementor-element elementor-element-7477fbd\" data-id=\"7477fbd\" data-element_type=\"column\">\n\t\t\t<div class=\"elementor-widget-wrap elementor-element-populated\">\n\t\t\t\t\t\t<div class=\"elementor-element elementor-element-cb52899 elementor-widget elementor-widget-image\" data-id=\"cb52899\" data-element_type=\"widget\" data-widget_type=\"image.default\">\n\t\t\t\t<div class=\"elementor-widget-container\">\n\t\t\t\t\t\t\t\t\t\t\t\t\t\t\t<img loading=\"lazy\" decoding=\"async\" width=\"181\" height=\"208\" src=\"https:\/\/ceresmedia.ch\/wp-content\/uploads\/2021\/12\/cinema.svg\" class=\"attachment-medium size-medium wp-image-3159\" alt=\"\" \/>\t\t\t\t\t\t\t\t\t\t\t\t\t\t\t<\/div>\n\t\t\t\t<\/div>\n\t\t\t\t\t<\/div>\n\t\t<\/div>\n\t\t\t\t\t<\/div>\n\t\t<\/section>\n\t\t\t\t<section class=\"elementor-section elementor-inner-section elementor-element elementor-element-6f567fb elementor-section-full_width elementor-section-height-default elementor-section-height-default\" data-id=\"6f567fb\" data-element_type=\"section\">\n\t\t\t\t\t\t<div class=\"elementor-container elementor-column-gap-default\">\n\t\t\t\t\t<div class=\"elementor-column elementor-col-33 elementor-inner-column elementor-element elementor-element-9f8a693\" data-id=\"9f8a693\" data-element_type=\"column\">\n\t\t\t<div class=\"elementor-widget-wrap elementor-element-populated\">\n\t\t\t\t\t\t<div class=\"elementor-element elementor-element-31818ad elementor-widget elementor-widget-image\" data-id=\"31818ad\" data-element_type=\"widget\" data-widget_type=\"image.default\">\n\t\t\t\t<div class=\"elementor-widget-container\">\n\t\t\t\t\t\t\t\t\t\t\t\t\t\t\t<img loading=\"lazy\" decoding=\"async\" width=\"181\" height=\"208\" src=\"https:\/\/ceresmedia.ch\/wp-content\/uploads\/2021\/12\/print.svg\" class=\"attachment-medium size-medium wp-image-3342\" alt=\"\" \/>\t\t\t\t\t\t\t\t\t\t\t\t\t\t\t<\/div>\n\t\t\t\t<\/div>\n\t\t\t\t\t<\/div>\n\t\t<\/div>\n\t\t\t\t<div class=\"elementor-column elementor-col-33 elementor-inner-column elementor-element elementor-element-e98a1cc\" data-id=\"e98a1cc\" data-element_type=\"column\">\n\t\t\t<div class=\"elementor-widget-wrap elementor-element-populated\">\n\t\t\t\t\t\t<div class=\"elementor-element elementor-element-7a9210e elementor-widget elementor-widget-image\" data-id=\"7a9210e\" data-element_type=\"widget\" data-widget_type=\"image.default\">\n\t\t\t\t<div class=\"elementor-widget-container\">\n\t\t\t\t\t\t\t\t\t\t\t\t\t\t\t<img loading=\"lazy\" decoding=\"async\" width=\"181\" height=\"208\" src=\"https:\/\/ceresmedia.ch\/wp-content\/uploads\/2021\/12\/radio.svg\" class=\"attachment-medium size-medium wp-image-3344\" alt=\"\" \/>\t\t\t\t\t\t\t\t\t\t\t\t\t\t\t<\/div>\n\t\t\t\t<\/div>\n\t\t\t\t\t<\/div>\n\t\t<\/div>\n\t\t\t\t<div class=\"elementor-column elementor-col-33 elementor-inner-column elementor-element elementor-element-096fabf\" data-id=\"096fabf\" data-element_type=\"column\">\n\t\t\t<div class=\"elementor-widget-wrap elementor-element-populated\">\n\t\t\t\t\t\t<div class=\"elementor-element elementor-element-1417884 elementor-widget elementor-widget-image\" data-id=\"1417884\" data-element_type=\"widget\" data-widget_type=\"image.default\">\n\t\t\t\t<div class=\"elementor-widget-container\">\n\t\t\t\t\t\t\t\t\t\t\t\t\t\t\t<img loading=\"lazy\" decoding=\"async\" width=\"181\" height=\"208\" src=\"https:\/\/ceresmedia.ch\/wp-content\/uploads\/2021\/12\/social.svg\" class=\"attachment-medium size-medium wp-image-3346\" alt=\"\" \/>\t\t\t\t\t\t\t\t\t\t\t\t\t\t\t<\/div>\n\t\t\t\t<\/div>\n\t\t\t\t\t<\/div>\n\t\t<\/div>\n\t\t\t\t\t<\/div>\n\t\t<\/section>\n\t\t\t\t\t<\/div>\n\t\t<\/div>\n\t\t\t\t\t<\/div>\n\t\t<\/section>\n\t\t\t\t<section class=\"elementor-section elementor-top-section elementor-element elementor-element-5e1301cb elementor-section-content-top elementor-section-full_width elementor-section-height-default elementor-section-height-default\" data-id=\"5e1301cb\" data-element_type=\"section\" data-settings=\"{&quot;background_background&quot;:&quot;classic&quot;}\">\n\t\t\t\t\t\t<div class=\"elementor-container elementor-column-gap-wider\">\n\t\t\t\t\t<div class=\"elementor-column elementor-col-50 elementor-top-column elementor-element elementor-element-3e3c80ab\" data-id=\"3e3c80ab\" data-element_type=\"column\">\n\t\t\t<div class=\"elementor-widget-wrap elementor-element-populated\">\n\t\t\t\t\t\t<div class=\"elementor-element elementor-element-3bd1cafb elementor-widget elementor-widget-heading\" data-id=\"3bd1cafb\" data-element_type=\"widget\" data-widget_type=\"heading.default\">\n\t\t\t\t<div class=\"elementor-widget-container\">\n\t\t\t\t\t<h2 class=\"elementor-heading-title elementor-size-default\">Prestations<\/h2>\t\t\t\t<\/div>\n\t\t\t\t<\/div>\n\t\t\t\t<div class=\"elementor-element elementor-element-1fe4a8a7 elementor-widget elementor-widget-heading\" data-id=\"1fe4a8a7\" data-element_type=\"widget\" data-widget_type=\"heading.default\">\n\t\t\t\t<div class=\"elementor-widget-container\">\n\t\t\t\t\t<p class=\"elementor-heading-title elementor-size-default\"> L'\u00e9quipe CERES MEDIA \u00e9labore votre plan m\u00e9dia professionnel, de la conception strat\u00e9gique au controlling final.<\/p>\t\t\t\t<\/div>\n\t\t\t\t<\/div>\n\t\t\t\t\t<\/div>\n\t\t<\/div>\n\t\t\t\t<div class=\"elementor-column elementor-col-50 elementor-top-column elementor-element elementor-element-11648cac\" data-id=\"11648cac\" data-element_type=\"column\">\n\t\t\t<div class=\"elementor-widget-wrap elementor-element-populated\">\n\t\t\t\t\t\t<div class=\"elementor-element elementor-element-d1bb0a0 elementor-widget elementor-widget-image\" data-id=\"d1bb0a0\" data-element_type=\"widget\" data-widget_type=\"image.default\">\n\t\t\t\t<div class=\"elementor-widget-container\">\n\t\t\t\t\t\t\t\t\t\t\t\t\t\t\t<img loading=\"lazy\" decoding=\"async\" width=\"1800\" height=\"900\" src=\"https:\/\/ceresmedia.ch\/wp-content\/uploads\/2021\/12\/kompetenzen_fr.png\" class=\"attachment-full size-full wp-image-3160\" alt=\"Planification strat\u00e9gique des m\u00e9dias\" srcset=\"https:\/\/ceresmedia.ch\/wp-content\/uploads\/2021\/12\/kompetenzen_fr.png 1800w, https:\/\/ceresmedia.ch\/wp-content\/uploads\/2021\/12\/kompetenzen_fr-300x150.png 300w, https:\/\/ceresmedia.ch\/wp-content\/uploads\/2021\/12\/kompetenzen_fr-1024x512.png 1024w, https:\/\/ceresmedia.ch\/wp-content\/uploads\/2021\/12\/kompetenzen_fr-768x384.png 768w, https:\/\/ceresmedia.ch\/wp-content\/uploads\/2021\/12\/kompetenzen_fr-1536x768.png 1536w\" sizes=\"(max-width: 1800px) 100vw, 1800px\" \/>\t\t\t\t\t\t\t\t\t\t\t\t\t\t\t<\/div>\n\t\t\t\t<\/div>\n\t\t\t\t\t<\/div>\n\t\t<\/div>\n\t\t\t\t\t<\/div>\n\t\t<\/section>\n\t\t\t\t<\/div>\n\t\t","protected":false},"excerpt":{"rendered":"<p>Comp\u00e9tences La complexit\u00e9 croissante du paysage m\u00e9diatique repr\u00e9sente de nombreux d\u00e9fis pour les organisations sectorielles. C&rsquo;est pourquoi CERES MEDIA apporte \u00e0 ses clients un soutien comp\u00e9tent en mati\u00e8re d&rsquo;utilisation pertinente des m\u00e9dias dans une optique marketing, tant au travers de canaux num\u00e9riques que des m\u00e9dias hors ligne traditionnels. Prestations L&rsquo;\u00e9quipe CERES MEDIA \u00e9labore votre plan [&hellip;]<\/p>\n","protected":false},"author":1,"featured_media":3242,"parent":0,"menu_order":0,"comment_status":"closed","ping_status":"closed","template":"","meta":{"footnotes":""},"class_list":["post-2691","page","type-page","status-publish","has-post-thumbnail","hentry"],"yoast_head":"<!-- This site is optimized with the Yoast SEO Premium plugin v25.0 (Yoast SEO v25.0) - https:\/\/yoast.com\/wordpress\/plugins\/seo\/ -->\n<title>Comp\u00e9tences - Marketing \u00e0 360\u00b0 (en ligne &amp; hors ligne)<\/title>\n<meta name=\"description\" content=\"CERES MEDIA vous offre un soutien comp\u00e9tent en mati\u00e8re d&#039;utilisation pertinente des m\u00e9dias dans une optique marketing, tant au travers de canaux num\u00e9riques que des m\u00e9dias hors ligne traditionnels.\" \/>\n<meta name=\"robots\" content=\"index, follow, max-snippet:-1, max-image-preview:large, max-video-preview:-1\" \/>\n<link rel=\"canonical\" href=\"https:\/\/ceresmedia.ch\/fr\/competences\/\" \/>\n<meta property=\"og:locale\" content=\"fr_FR\" \/>\n<meta property=\"og:type\" content=\"article\" \/>\n<meta property=\"og:title\" content=\"Comp\u00e9tences - Marketing \u00e0 360\u00b0 (en ligne &amp; hors ligne)\" \/>\n<meta property=\"og:description\" content=\"CERES MEDIA vous offre un soutien comp\u00e9tent en mati\u00e8re d&#039;utilisation pertinente des m\u00e9dias dans une optique marketing, tant au travers de canaux num\u00e9riques que des m\u00e9dias hors ligne traditionnels.\" \/>\n<meta property=\"og:url\" content=\"https:\/\/ceresmedia.ch\/fr\/competences\/\" \/>\n<meta property=\"og:site_name\" content=\"CERES MEDIA\" \/>\n<meta property=\"article:publisher\" content=\"https:\/\/www.facebook.com\/ceresmedia.ch\" \/>\n<meta property=\"article:modified_time\" content=\"2021-12-28T13:52:28+00:00\" \/>\n<meta property=\"og:image\" content=\"https:\/\/ceresmedia.ch\/wp-content\/uploads\/2021\/12\/bauer.jpg\" \/>\n\t<meta property=\"og:image:width\" content=\"1920\" \/>\n\t<meta property=\"og:image:height\" content=\"1080\" \/>\n\t<meta property=\"og:image:type\" content=\"image\/jpeg\" \/>\n<meta name=\"twitter:card\" content=\"summary_large_image\" \/>\n<meta name=\"twitter:title\" content=\"Comp\u00e9tences - Marketing \u00e0 360\u00b0 (en ligne &amp; hors ligne)\" \/>\n<meta name=\"twitter:description\" content=\"CERES MEDIA vous offre un soutien comp\u00e9tent en mati\u00e8re d&#039;utilisation pertinente des m\u00e9dias dans une optique marketing, tant au travers de canaux num\u00e9riques que des m\u00e9dias hors ligne traditionnels.\" \/>\n<meta name=\"twitter:label1\" content=\"Dur\u00e9e de lecture estim\u00e9e\" \/>\n\t<meta name=\"twitter:data1\" content=\"3 minutes\" \/>\n<!-- \/ Yoast SEO Premium plugin. -->","yoast_head_json":{"title":"Comp\u00e9tences - Marketing \u00e0 360\u00b0 (en ligne & hors ligne)","description":"CERES MEDIA vous offre un soutien comp\u00e9tent en mati\u00e8re d'utilisation pertinente des m\u00e9dias dans une optique marketing, tant au travers de canaux num\u00e9riques que des m\u00e9dias hors ligne traditionnels.","robots":{"index":"index","follow":"follow","max-snippet":"max-snippet:-1","max-image-preview":"max-image-preview:large","max-video-preview":"max-video-preview:-1"},"canonical":"https:\/\/ceresmedia.ch\/fr\/competences\/","og_locale":"fr_FR","og_type":"article","og_title":"Comp\u00e9tences - Marketing \u00e0 360\u00b0 (en ligne & hors ligne)","og_description":"CERES MEDIA vous offre un soutien comp\u00e9tent en mati\u00e8re d'utilisation pertinente des m\u00e9dias dans une optique marketing, tant au travers de canaux num\u00e9riques que des m\u00e9dias hors ligne traditionnels.","og_url":"https:\/\/ceresmedia.ch\/fr\/competences\/","og_site_name":"CERES MEDIA","article_publisher":"https:\/\/www.facebook.com\/ceresmedia.ch","article_modified_time":"2021-12-28T13:52:28+00:00","og_image":[{"width":1920,"height":1080,"url":"https:\/\/ceresmedia.ch\/wp-content\/uploads\/2021\/12\/bauer.jpg","type":"image\/jpeg"}],"twitter_card":"summary_large_image","twitter_title":"Comp\u00e9tences - Marketing \u00e0 360\u00b0 (en ligne & hors ligne)","twitter_description":"CERES MEDIA vous offre un soutien comp\u00e9tent en mati\u00e8re d'utilisation pertinente des m\u00e9dias dans une optique marketing, tant au travers de canaux num\u00e9riques que des m\u00e9dias hors ligne traditionnels.","twitter_misc":{"Dur\u00e9e de lecture estim\u00e9e":"3 minutes"},"schema":{"@context":"https:\/\/schema.org","@graph":[{"@type":"WebPage","@id":"https:\/\/ceresmedia.ch\/fr\/competences\/","url":"https:\/\/ceresmedia.ch\/fr\/competences\/","name":"Comp\u00e9tences - Marketing \u00e0 360\u00b0 (en ligne & hors ligne)","isPartOf":{"@id":"https:\/\/ceresmedia.ch\/fr\/#website"},"primaryImageOfPage":{"@id":"https:\/\/ceresmedia.ch\/fr\/competences\/#primaryimage"},"image":{"@id":"https:\/\/ceresmedia.ch\/fr\/competences\/#primaryimage"},"thumbnailUrl":"https:\/\/ceresmedia.ch\/wp-content\/uploads\/2021\/12\/bauer.jpg","datePublished":"2021-12-23T14:02:04+00:00","dateModified":"2021-12-28T13:52:28+00:00","description":"CERES MEDIA vous offre un soutien comp\u00e9tent en mati\u00e8re d'utilisation pertinente des m\u00e9dias dans une optique marketing, tant au travers de canaux num\u00e9riques que des m\u00e9dias hors ligne traditionnels.","breadcrumb":{"@id":"https:\/\/ceresmedia.ch\/fr\/competences\/#breadcrumb"},"inLanguage":"fr-FR","potentialAction":[{"@type":"ReadAction","target":["https:\/\/ceresmedia.ch\/fr\/competences\/"]}]},{"@type":"ImageObject","inLanguage":"fr-FR","@id":"https:\/\/ceresmedia.ch\/fr\/competences\/#primaryimage","url":"https:\/\/ceresmedia.ch\/wp-content\/uploads\/2021\/12\/bauer.jpg","contentUrl":"https:\/\/ceresmedia.ch\/wp-content\/uploads\/2021\/12\/bauer.jpg","width":1920,"height":1080},{"@type":"BreadcrumbList","@id":"https:\/\/ceresmedia.ch\/fr\/competences\/#breadcrumb","itemListElement":[{"@type":"ListItem","position":1,"name":"Home","item":"https:\/\/ceresmedia.ch\/fr\/"},{"@type":"ListItem","position":2,"name":"Comp\u00e9tences"}]},{"@type":"WebSite","@id":"https:\/\/ceresmedia.ch\/fr\/#website","url":"https:\/\/ceresmedia.ch\/fr\/","name":"CERES MEDIA","description":"Die Full-Service-Agentur der Schweizer Land- und Ern\u00e4hrungswirtschaft","publisher":{"@id":"https:\/\/ceresmedia.ch\/fr\/#organization"},"potentialAction":[{"@type":"SearchAction","target":{"@type":"EntryPoint","urlTemplate":"https:\/\/ceresmedia.ch\/fr\/?s={search_term_string}"},"query-input":{"@type":"PropertyValueSpecification","valueRequired":true,"valueName":"search_term_string"}}],"inLanguage":"fr-FR"},{"@type":"Organization","@id":"https:\/\/ceresmedia.ch\/fr\/#organization","name":"CERES MEDIA","url":"https:\/\/ceresmedia.ch\/fr\/","logo":{"@type":"ImageObject","inLanguage":"fr-FR","@id":"https:\/\/ceresmedia.ch\/fr\/#\/schema\/logo\/image\/","url":"https:\/\/ceresmedia.ch\/wp-content\/uploads\/2022\/04\/visual_rgb.png","contentUrl":"https:\/\/ceresmedia.ch\/wp-content\/uploads\/2022\/04\/visual_rgb.png","width":1000,"height":1022,"caption":"CERES MEDIA"},"image":{"@id":"https:\/\/ceresmedia.ch\/fr\/#\/schema\/logo\/image\/"},"sameAs":["https:\/\/www.facebook.com\/ceresmedia.ch","https:\/\/www.instagram.com\/ceresmedia.ch\/","https:\/\/www.linkedin.com\/company\/ceresmedia\/about\/","https:\/\/www.youtube.com\/channel\/UCShUDGRj7FqGLIrPFiCnx2w"],"description":"CERES MEDIA est l'agence m\u00e9dia du secteur agroalimentaire suisse. En tant que partenaire exclusif d'AMS Agro-Marketing Suisse, nous d\u00e9veloppons des strat\u00e9gies et des campagnes plurim\u00e9dias afin de rendre les aliments r\u00e9gionaux plus visibles et d'encourager un comportement de consommation durable. Nous combinons une profonde connaissance du secteur avec un savoir-faire technologique et des conditions sp\u00e9ciales n\u00e9goci\u00e9es aupr\u00e8s de plus de 30 entreprises de m\u00e9dias (TV, presse, OOH, num\u00e9rique, cin\u00e9ma). Notre travail est bas\u00e9 sur la confiance, la transparence et des r\u00e9sultats mesurables - pour des clients que nous accompagnons en tant que partenaires strat\u00e9giques.","email":"hallo@ceresmedia.ch","telephone":"031 359 55 55","legalName":"CERES MEDIA AG","foundingDate":"2021-12-08","vatID":"CHE304215558","numberOfEmployees":{"@type":"QuantitativeValue","minValue":"1","maxValue":"10"},"publishingPrinciples":"https:\/\/ceresmedia.ch\/impressum\/","ownershipFundingInfo":"https:\/\/ceresmedia.ch\/impressum\/","actionableFeedbackPolicy":"https:\/\/ceresmedia.ch\/impressum\/","correctionsPolicy":"https:\/\/ceresmedia.ch\/impressum\/","ethicsPolicy":"https:\/\/ceresmedia.ch\/impressum\/"}]}},"_links":{"self":[{"href":"https:\/\/ceresmedia.ch\/fr\/wp-json\/wp\/v2\/pages\/2691","targetHints":{"allow":["GET"]}}],"collection":[{"href":"https:\/\/ceresmedia.ch\/fr\/wp-json\/wp\/v2\/pages"}],"about":[{"href":"https:\/\/ceresmedia.ch\/fr\/wp-json\/wp\/v2\/types\/page"}],"author":[{"embeddable":true,"href":"https:\/\/ceresmedia.ch\/fr\/wp-json\/wp\/v2\/users\/1"}],"replies":[{"embeddable":true,"href":"https:\/\/ceresmedia.ch\/fr\/wp-json\/wp\/v2\/comments?post=2691"}],"version-history":[{"count":42,"href":"https:\/\/ceresmedia.ch\/fr\/wp-json\/wp\/v2\/pages\/2691\/revisions"}],"predecessor-version":[{"id":3793,"href":"https:\/\/ceresmedia.ch\/fr\/wp-json\/wp\/v2\/pages\/2691\/revisions\/3793"}],"wp:featuredmedia":[{"embeddable":true,"href":"https:\/\/ceresmedia.ch\/fr\/wp-json\/wp\/v2\/media\/3242"}],"wp:attachment":[{"href":"https:\/\/ceresmedia.ch\/fr\/wp-json\/wp\/v2\/media?parent=2691"}],"curies":[{"name":"wp","href":"https:\/\/api.w.org\/{rel}","templated":true}]}}