{"id":2705,"date":"2021-12-23T14:02:06","date_gmt":"2021-12-23T14:02:06","guid":{"rendered":"https:\/\/ceresmedia.ch\/travaux\/"},"modified":"2023-10-02T11:43:50","modified_gmt":"2023-10-02T11:43:50","slug":"emplois","status":"publish","type":"page","link":"https:\/\/ceresmedia.ch\/fr\/portrait\/emplois\/","title":{"rendered":"Emplois"},"content":{"rendered":"\t\t<div data-elementor-type=\"wp-page\" data-elementor-id=\"2705\" class=\"elementor elementor-2705 elementor-290\" data-elementor-post-type=\"page\">\n\t\t\t\t\t\t<section class=\"elementor-section elementor-top-section elementor-element elementor-element-d0b0a9b elementor-section-full_width elementor-reverse-tablet elementor-section-height-default elementor-section-height-default\" data-id=\"d0b0a9b\" data-element_type=\"section\">\n\t\t\t\t\t\t<div class=\"elementor-container elementor-column-gap-default\">\n\t\t\t\t\t<div class=\"elementor-column elementor-col-100 elementor-top-column elementor-element elementor-element-e769987\" data-id=\"e769987\" data-element_type=\"column\">\n\t\t\t<div class=\"elementor-widget-wrap elementor-element-populated\">\n\t\t\t\t\t\t<div class=\"elementor-element elementor-element-01dc886 elementor-widget elementor-widget-heading\" data-id=\"01dc886\" data-element_type=\"widget\" data-widget_type=\"heading.default\">\n\t\t\t\t<div class=\"elementor-widget-container\">\n\t\t\t\t\t<h1 class=\"elementor-heading-title elementor-size-default\">Emplois<\/h1>\t\t\t\t<\/div>\n\t\t\t\t<\/div>\n\t\t\t\t\t<\/div>\n\t\t<\/div>\n\t\t\t\t\t<\/div>\n\t\t<\/section>\n\t\t\t\t<section class=\"elementor-section elementor-top-section elementor-element elementor-element-70a7f5b elementor-section-boxed elementor-section-height-default elementor-section-height-default\" data-id=\"70a7f5b\" data-element_type=\"section\">\n\t\t\t\t\t\t<div class=\"elementor-container elementor-column-gap-default\">\n\t\t\t\t\t<div class=\"elementor-column elementor-col-100 elementor-top-column elementor-element elementor-element-abfdbc9\" data-id=\"abfdbc9\" data-element_type=\"column\">\n\t\t\t<div class=\"elementor-widget-wrap\">\n\t\t\t\t\t\t\t<\/div>\n\t\t<\/div>\n\t\t\t\t\t<\/div>\n\t\t<\/section>\n\t\t\t\t<section class=\"elementor-section elementor-top-section elementor-element elementor-element-2325169 elementor-section-full_width elementor-section-height-default elementor-section-height-default\" data-id=\"2325169\" data-element_type=\"section\" data-settings=\"{&quot;background_background&quot;:&quot;classic&quot;}\">\n\t\t\t\t\t\t<div class=\"elementor-container elementor-column-gap-default\">\n\t\t\t\t\t<div class=\"elementor-column elementor-col-100 elementor-top-column elementor-element elementor-element-dc130cc\" data-id=\"dc130cc\" data-element_type=\"column\">\n\t\t\t<div class=\"elementor-widget-wrap elementor-element-populated\">\n\t\t\t\t\t\t<div class=\"elementor-element elementor-element-ef5f140 elementor-widget elementor-widget-image\" data-id=\"ef5f140\" data-element_type=\"widget\" data-widget_type=\"image.default\">\n\t\t\t\t<div class=\"elementor-widget-container\">\n\t\t\t\t\t\t\t\t\t\t\t\t\t\t\t<img fetchpriority=\"high\" decoding=\"async\" width=\"294\" height=\"300\" src=\"https:\/\/ceresmedia.ch\/wp-content\/uploads\/2021\/12\/visual_rgb-294x300.png\" class=\"attachment-medium size-medium wp-image-3229\" alt=\"Logo von Ceres Media\" srcset=\"https:\/\/ceresmedia.ch\/wp-content\/uploads\/2021\/12\/visual_rgb-294x300.png 294w, https:\/\/ceresmedia.ch\/wp-content\/uploads\/2021\/12\/visual_rgb-768x785.png 768w, https:\/\/ceresmedia.ch\/wp-content\/uploads\/2021\/12\/visual_rgb.png 1000w\" sizes=\"(max-width: 294px) 100vw, 294px\" \/>\t\t\t\t\t\t\t\t\t\t\t\t\t\t\t<\/div>\n\t\t\t\t<\/div>\n\t\t\t\t<div class=\"elementor-element elementor-element-c09161f elementor-hidden-desktop elementor-hidden-tablet elementor-hidden-mobile elementor-widget elementor-widget-shortcode\" data-id=\"c09161f\" data-element_type=\"widget\" data-widget_type=\"shortcode.default\">\n\t\t\t\t<div class=\"elementor-widget-container\">\n\t\t\t\t\t\t\t<div class=\"elementor-shortcode\"><div class=\"job-listing row clearfix\"><div class=\"column medium-12 col-md-12\"><div class=\"no-jobs-available\"><p>Actuellement, aucune offre d\u2019emploi n\u2019est disponible.<\/p><\/div><\/div><\/div>\n<\/div>\n\t\t\t\t\t\t<\/div>\n\t\t\t\t<\/div>\n\t\t\t\t\t<\/div>\n\t\t<\/div>\n\t\t\t\t\t<\/div>\n\t\t<\/section>\n\t\t\t\t<section class=\"elementor-section elementor-top-section elementor-element elementor-element-6efd8ef elementor-section-boxed elementor-section-height-default elementor-section-height-default\" data-id=\"6efd8ef\" data-element_type=\"section\">\n\t\t\t\t\t\t<div class=\"elementor-container elementor-column-gap-default\">\n\t\t\t\t\t<div class=\"elementor-column elementor-col-100 elementor-top-column elementor-element elementor-element-e92b64b\" data-id=\"e92b64b\" data-element_type=\"column\">\n\t\t\t<div class=\"elementor-widget-wrap elementor-element-populated\">\n\t\t\t\t\t\t<div class=\"elementor-element elementor-element-3d91c12 elementor-widget elementor-widget-text-editor\" data-id=\"3d91c12\" data-element_type=\"widget\" data-widget_type=\"text-editor.default\">\n\t\t\t\t<div class=\"elementor-widget-container\">\n\t\t\t\t\t\t\t\t\t<p>Aucun poste n&rsquo;est actuellement \u00e0 pourvoir. Cependant, nous sommes toujours ouverts aux candidatures spontan\u00e9es. Nous nous r\u00e9jouissons de vous rencontrer.<\/p>\t\t\t\t\t\t\t\t<\/div>\n\t\t\t\t<\/div>\n\t\t\t\t\t<\/div>\n\t\t<\/div>\n\t\t\t\t\t<\/div>\n\t\t<\/section>\n\t\t\t\t<section class=\"elementor-section elementor-top-section elementor-element elementor-element-ed02dd5 elementor-section-boxed elementor-section-height-default elementor-section-height-default\" data-id=\"ed02dd5\" data-element_type=\"section\">\n\t\t\t\t\t\t<div class=\"elementor-container elementor-column-gap-default\">\n\t\t\t\t\t<div class=\"elementor-column elementor-col-100 elementor-top-column elementor-element elementor-element-1a70b14\" data-id=\"1a70b14\" data-element_type=\"column\">\n\t\t\t<div class=\"elementor-widget-wrap elementor-element-populated\">\n\t\t\t\t\t\t<div class=\"elementor-element elementor-element-a6822f4 elementor-align-center elementor-widget elementor-widget-button\" data-id=\"a6822f4\" data-element_type=\"widget\" data-widget_type=\"button.default\">\n\t\t\t\t<div class=\"elementor-widget-container\">\n\t\t\t\t\t\t\t\t\t<div class=\"elementor-button-wrapper\">\n\t\t\t\t\t<a class=\"elementor-button elementor-button-link elementor-size-sm\" href=\"mailto:hallo@ceresmedia.ch\">\n\t\t\t\t\t\t<span class=\"elementor-button-content-wrapper\">\n\t\t\t\t\t\t\t\t\t<span class=\"elementor-button-text\">Candidature spontan\u00e9e<\/span>\n\t\t\t\t\t<\/span>\n\t\t\t\t\t<\/a>\n\t\t\t\t<\/div>\n\t\t\t\t\t\t\t\t<\/div>\n\t\t\t\t<\/div>\n\t\t\t\t\t<\/div>\n\t\t<\/div>\n\t\t\t\t\t<\/div>\n\t\t<\/section>\n\t\t\t\t<\/div>\n\t\t","protected":false},"excerpt":{"rendered":"<p>Emplois Aucun poste n&rsquo;est actuellement \u00e0 pourvoir. Cependant, nous sommes toujours ouverts aux candidatures spontan\u00e9es. Nous nous r\u00e9jouissons de vous rencontrer. Candidature spontan\u00e9e<\/p>\n","protected":false},"author":1,"featured_media":3240,"parent":2716,"menu_order":0,"comment_status":"closed","ping_status":"closed","template":"","meta":{"footnotes":""},"class_list":["post-2705","page","type-page","status-publish","has-post-thumbnail","hentry"],"yoast_head":"<!-- This site is optimized with the Yoast SEO Premium plugin v25.0 (Yoast SEO v25.0) - https:\/\/yoast.com\/wordpress\/plugins\/seo\/ -->\n<title>Carri\u00e8re avec CERES MEDIA<\/title>\n<meta name=\"description\" content=\"Retrouve ici tous les postes \u00e0 pourvoir. Nous serons ravis de l\u2019\u00e9tudier.\" \/>\n<meta name=\"robots\" content=\"index, follow, max-snippet:-1, max-image-preview:large, max-video-preview:-1\" \/>\n<link rel=\"canonical\" href=\"https:\/\/ceresmedia.ch\/fr\/portrait\/emplois\/\" \/>\n<meta property=\"og:locale\" content=\"fr_FR\" \/>\n<meta property=\"og:type\" content=\"article\" \/>\n<meta property=\"og:title\" content=\"Carri\u00e8re avec CERES MEDIA\" \/>\n<meta property=\"og:description\" content=\"Retrouve ici tous les postes \u00e0 pourvoir. Nous serons ravis de l\u2019\u00e9tudier.\" \/>\n<meta property=\"og:url\" content=\"https:\/\/ceresmedia.ch\/fr\/portrait\/emplois\/\" \/>\n<meta property=\"og:site_name\" content=\"CERES MEDIA\" \/>\n<meta property=\"article:publisher\" content=\"https:\/\/www.facebook.com\/ceresmedia.ch\" \/>\n<meta property=\"article:modified_time\" content=\"2023-10-02T11:43:50+00:00\" \/>\n<meta property=\"og:image\" content=\"https:\/\/ceresmedia.ch\/wp-content\/uploads\/2021\/12\/traktor-1024x576.jpg\" \/>\n\t<meta property=\"og:image:width\" content=\"1024\" \/>\n\t<meta property=\"og:image:height\" content=\"576\" \/>\n\t<meta property=\"og:image:type\" content=\"image\/jpeg\" \/>\n<meta name=\"twitter:card\" content=\"summary_large_image\" \/>\n<meta name=\"twitter:title\" content=\"Carri\u00e8re avec CERES MEDIA\" \/>\n<meta name=\"twitter:description\" content=\"Retrouve ici tous les postes \u00e0 pourvoir. Nous serons ravis de l\u2019\u00e9tudier.\" \/>\n<meta name=\"twitter:label1\" content=\"Dur\u00e9e de lecture estim\u00e9e\" \/>\n\t<meta name=\"twitter:data1\" content=\"1 minute\" \/>\n<!-- \/ Yoast SEO Premium plugin. -->","yoast_head_json":{"title":"Carri\u00e8re avec CERES MEDIA","description":"Retrouve ici tous les postes \u00e0 pourvoir. Nous serons ravis de l\u2019\u00e9tudier.","robots":{"index":"index","follow":"follow","max-snippet":"max-snippet:-1","max-image-preview":"max-image-preview:large","max-video-preview":"max-video-preview:-1"},"canonical":"https:\/\/ceresmedia.ch\/fr\/portrait\/emplois\/","og_locale":"fr_FR","og_type":"article","og_title":"Carri\u00e8re avec CERES MEDIA","og_description":"Retrouve ici tous les postes \u00e0 pourvoir. Nous serons ravis de l\u2019\u00e9tudier.","og_url":"https:\/\/ceresmedia.ch\/fr\/portrait\/emplois\/","og_site_name":"CERES MEDIA","article_publisher":"https:\/\/www.facebook.com\/ceresmedia.ch","article_modified_time":"2023-10-02T11:43:50+00:00","og_image":[{"width":1024,"height":576,"url":"https:\/\/ceresmedia.ch\/wp-content\/uploads\/2021\/12\/traktor-1024x576.jpg","type":"image\/jpeg"}],"twitter_card":"summary_large_image","twitter_title":"Carri\u00e8re avec CERES MEDIA","twitter_description":"Retrouve ici tous les postes \u00e0 pourvoir. Nous serons ravis de l\u2019\u00e9tudier.","twitter_misc":{"Dur\u00e9e de lecture estim\u00e9e":"1 minute"},"schema":{"@context":"https:\/\/schema.org","@graph":[{"@type":"WebPage","@id":"https:\/\/ceresmedia.ch\/fr\/portrait\/emplois\/","url":"https:\/\/ceresmedia.ch\/fr\/portrait\/emplois\/","name":"Carri\u00e8re avec CERES MEDIA","isPartOf":{"@id":"https:\/\/ceresmedia.ch\/fr\/#website"},"primaryImageOfPage":{"@id":"https:\/\/ceresmedia.ch\/fr\/portrait\/emplois\/#primaryimage"},"image":{"@id":"https:\/\/ceresmedia.ch\/fr\/portrait\/emplois\/#primaryimage"},"thumbnailUrl":"https:\/\/ceresmedia.ch\/wp-content\/uploads\/2021\/12\/traktor.jpg","datePublished":"2021-12-23T14:02:06+00:00","dateModified":"2023-10-02T11:43:50+00:00","description":"Retrouve ici tous les postes \u00e0 pourvoir. Nous serons ravis de l\u2019\u00e9tudier.","breadcrumb":{"@id":"https:\/\/ceresmedia.ch\/fr\/portrait\/emplois\/#breadcrumb"},"inLanguage":"fr-FR","potentialAction":[{"@type":"ReadAction","target":["https:\/\/ceresmedia.ch\/fr\/portrait\/emplois\/"]}]},{"@type":"ImageObject","inLanguage":"fr-FR","@id":"https:\/\/ceresmedia.ch\/fr\/portrait\/emplois\/#primaryimage","url":"https:\/\/ceresmedia.ch\/wp-content\/uploads\/2021\/12\/traktor.jpg","contentUrl":"https:\/\/ceresmedia.ch\/wp-content\/uploads\/2021\/12\/traktor.jpg","width":1920,"height":1080},{"@type":"BreadcrumbList","@id":"https:\/\/ceresmedia.ch\/fr\/portrait\/emplois\/#breadcrumb","itemListElement":[{"@type":"ListItem","position":1,"name":"Home","item":"https:\/\/ceresmedia.ch\/fr\/"},{"@type":"ListItem","position":2,"name":"Portrait","item":"https:\/\/ceresmedia.ch\/fr\/portrait\/"},{"@type":"ListItem","position":3,"name":"Emplois"}]},{"@type":"WebSite","@id":"https:\/\/ceresmedia.ch\/fr\/#website","url":"https:\/\/ceresmedia.ch\/fr\/","name":"CERES MEDIA","description":"Die Full-Service-Agentur der Schweizer Land- und Ern\u00e4hrungswirtschaft","publisher":{"@id":"https:\/\/ceresmedia.ch\/fr\/#organization"},"potentialAction":[{"@type":"SearchAction","target":{"@type":"EntryPoint","urlTemplate":"https:\/\/ceresmedia.ch\/fr\/?s={search_term_string}"},"query-input":{"@type":"PropertyValueSpecification","valueRequired":true,"valueName":"search_term_string"}}],"inLanguage":"fr-FR"},{"@type":"Organization","@id":"https:\/\/ceresmedia.ch\/fr\/#organization","name":"CERES MEDIA","url":"https:\/\/ceresmedia.ch\/fr\/","logo":{"@type":"ImageObject","inLanguage":"fr-FR","@id":"https:\/\/ceresmedia.ch\/fr\/#\/schema\/logo\/image\/","url":"https:\/\/ceresmedia.ch\/wp-content\/uploads\/2022\/04\/visual_rgb.png","contentUrl":"https:\/\/ceresmedia.ch\/wp-content\/uploads\/2022\/04\/visual_rgb.png","width":1000,"height":1022,"caption":"CERES MEDIA"},"image":{"@id":"https:\/\/ceresmedia.ch\/fr\/#\/schema\/logo\/image\/"},"sameAs":["https:\/\/www.facebook.com\/ceresmedia.ch","https:\/\/www.instagram.com\/ceresmedia.ch\/","https:\/\/www.linkedin.com\/company\/ceresmedia\/about\/","https:\/\/www.youtube.com\/channel\/UCShUDGRj7FqGLIrPFiCnx2w"],"description":"CERES MEDIA est l'agence m\u00e9dia du secteur agroalimentaire suisse. En tant que partenaire exclusif d'AMS Agro-Marketing Suisse, nous d\u00e9veloppons des strat\u00e9gies et des campagnes plurim\u00e9dias afin de rendre les aliments r\u00e9gionaux plus visibles et d'encourager un comportement de consommation durable. Nous combinons une profonde connaissance du secteur avec un savoir-faire technologique et des conditions sp\u00e9ciales n\u00e9goci\u00e9es aupr\u00e8s de plus de 30 entreprises de m\u00e9dias (TV, presse, OOH, num\u00e9rique, cin\u00e9ma). Notre travail est bas\u00e9 sur la confiance, la transparence et des r\u00e9sultats mesurables - pour des clients que nous accompagnons en tant que partenaires strat\u00e9giques.","email":"hallo@ceresmedia.ch","telephone":"031 359 55 55","legalName":"CERES MEDIA AG","foundingDate":"2021-12-08","vatID":"CHE304215558","numberOfEmployees":{"@type":"QuantitativeValue","minValue":"1","maxValue":"10"},"publishingPrinciples":"https:\/\/ceresmedia.ch\/impressum\/","ownershipFundingInfo":"https:\/\/ceresmedia.ch\/impressum\/","actionableFeedbackPolicy":"https:\/\/ceresmedia.ch\/impressum\/","correctionsPolicy":"https:\/\/ceresmedia.ch\/impressum\/","ethicsPolicy":"https:\/\/ceresmedia.ch\/impressum\/"}]}},"_links":{"self":[{"href":"https:\/\/ceresmedia.ch\/fr\/wp-json\/wp\/v2\/pages\/2705","targetHints":{"allow":["GET"]}}],"collection":[{"href":"https:\/\/ceresmedia.ch\/fr\/wp-json\/wp\/v2\/pages"}],"about":[{"href":"https:\/\/ceresmedia.ch\/fr\/wp-json\/wp\/v2\/types\/page"}],"author":[{"embeddable":true,"href":"https:\/\/ceresmedia.ch\/fr\/wp-json\/wp\/v2\/users\/1"}],"replies":[{"embeddable":true,"href":"https:\/\/ceresmedia.ch\/fr\/wp-json\/wp\/v2\/comments?post=2705"}],"version-history":[{"count":38,"href":"https:\/\/ceresmedia.ch\/fr\/wp-json\/wp\/v2\/pages\/2705\/revisions"}],"predecessor-version":[{"id":4612,"href":"https:\/\/ceresmedia.ch\/fr\/wp-json\/wp\/v2\/pages\/2705\/revisions\/4612"}],"up":[{"embeddable":true,"href":"https:\/\/ceresmedia.ch\/fr\/wp-json\/wp\/v2\/pages\/2716"}],"wp:featuredmedia":[{"embeddable":true,"href":"https:\/\/ceresmedia.ch\/fr\/wp-json\/wp\/v2\/media\/3240"}],"wp:attachment":[{"href":"https:\/\/ceresmedia.ch\/fr\/wp-json\/wp\/v2\/media?parent=2705"}],"curies":[{"name":"wp","href":"https:\/\/api.w.org\/{rel}","templated":true}]}}