{"id":2716,"date":"2021-12-23T14:02:06","date_gmt":"2021-12-23T14:02:06","guid":{"rendered":"https:\/\/ceresmedia.ch\/a-propos-de-nous\/"},"modified":"2021-12-28T14:08:33","modified_gmt":"2021-12-28T14:08:33","slug":"portrait","status":"publish","type":"page","link":"https:\/\/ceresmedia.ch\/fr\/portrait\/","title":{"rendered":"Portrait"},"content":{"rendered":"\t\t<div data-elementor-type=\"wp-page\" data-elementor-id=\"2716\" class=\"elementor elementor-2716 elementor-43\" data-elementor-post-type=\"page\">\n\t\t\t\t\t\t<section class=\"elementor-section elementor-top-section elementor-element elementor-element-337b954 elementor-section-full_width elementor-reverse-tablet elementor-section-height-default elementor-section-height-default\" data-id=\"337b954\" data-element_type=\"section\">\n\t\t\t\t\t\t<div class=\"elementor-container elementor-column-gap-default\">\n\t\t\t\t\t<div class=\"elementor-column elementor-col-50 elementor-top-column elementor-element elementor-element-e9d6c3a\" data-id=\"e9d6c3a\" data-element_type=\"column\">\n\t\t\t<div class=\"elementor-widget-wrap elementor-element-populated\">\n\t\t\t\t\t\t<div class=\"elementor-element elementor-element-c806362 elementor-widget elementor-widget-heading\" data-id=\"c806362\" data-element_type=\"widget\" data-widget_type=\"heading.default\">\n\t\t\t\t<div class=\"elementor-widget-container\">\n\t\t\t\t\t<h1 class=\"elementor-heading-title elementor-size-default\">Portrait<\/h1>\t\t\t\t<\/div>\n\t\t\t\t<\/div>\n\t\t\t\t<div class=\"elementor-element elementor-element-ef71d2e elementor-widget elementor-widget-text-editor\" data-id=\"ef71d2e\" data-element_type=\"widget\" data-widget_type=\"text-editor.default\">\n\t\t\t\t<div class=\"elementor-widget-container\">\n\t\t\t\t\t\t\t\t\t<p>CERES MEDIA est l\u2019agence proposant un service complet pour l\u2019agriculture suisse et le partenaire exclusif d\u2019Agro-Marketing Suisse (AMS). Elle s\u2019engage pour les buts strat\u00e9giques et le fil rouge d\u00e9finis par AMS :<\/p><ul><li>Augmenter la consommation de produits agricoles suisses par rapport \u00e0 la concurrence et aux produits de substitution \u00e9trangers.<\/li><li>Susciter l\u2019enthousiasme des consommateurs\u00b7trices pour les denr\u00e9es alimentaires indig\u00e8nes afin qu\u2019ils reconnaissent leur valeur ajout\u00e9e par rapport aux produits d\u2019importation ou de substitution.<\/li><li>Convaincre la population suisse des atouts des produits alimentaires suisses.<\/li><li>\u00a0Promouvoir la collaboration entre les organisations membres et les autorit\u00e9s et exploiter les synergies.<\/li><\/ul>\t\t\t\t\t\t\t\t<\/div>\n\t\t\t\t<\/div>\n\t\t\t\t\t<\/div>\n\t\t<\/div>\n\t\t\t\t<div class=\"elementor-column elementor-col-50 elementor-top-column elementor-element elementor-element-f97c648\" data-id=\"f97c648\" data-element_type=\"column\">\n\t\t\t<div class=\"elementor-widget-wrap elementor-element-populated\">\n\t\t\t\t\t\t<div class=\"elementor-element elementor-element-104501e elementor-widget elementor-widget-video\" data-id=\"104501e\" data-element_type=\"widget\" data-settings=\"{&quot;youtube_url&quot;:&quot;https:\\\/\\\/youtu.be\\\/7G1T8KW52Q4&quot;,&quot;video_type&quot;:&quot;youtube&quot;,&quot;controls&quot;:&quot;yes&quot;}\" data-widget_type=\"video.default\">\n\t\t\t\t<div class=\"elementor-widget-container\">\n\t\t\t\t\t\t\t<div class=\"elementor-wrapper elementor-open-inline\">\n\t\t\t<div class=\"elementor-video\"><\/div>\t\t<\/div>\n\t\t\t\t\t\t<\/div>\n\t\t\t\t<\/div>\n\t\t\t\t\t<\/div>\n\t\t<\/div>\n\t\t\t\t\t<\/div>\n\t\t<\/section>\n\t\t\t\t<section class=\"elementor-section elementor-top-section elementor-element elementor-element-440ab5c elementor-section-full_width elementor-reverse-tablet elementor-reverse-mobile elementor-section-height-default elementor-section-height-default\" data-id=\"440ab5c\" data-element_type=\"section\" data-settings=\"{&quot;background_background&quot;:&quot;classic&quot;}\">\n\t\t\t\t\t\t<div class=\"elementor-container elementor-column-gap-default\">\n\t\t\t\t\t<div class=\"elementor-column elementor-col-100 elementor-top-column elementor-element elementor-element-1ed9010\" data-id=\"1ed9010\" data-element_type=\"column\">\n\t\t\t<div class=\"elementor-widget-wrap elementor-element-populated\">\n\t\t\t\t\t\t<div class=\"elementor-element elementor-element-864e484 elementor-widget elementor-widget-heading\" data-id=\"864e484\" data-element_type=\"widget\" data-widget_type=\"heading.default\">\n\t\t\t\t<div class=\"elementor-widget-container\">\n\t\t\t\t\t<h2 class=\"elementor-heading-title elementor-size-default\">\u00abPlus de prestations pour chaque franc publicitaire investi par l'agriculture suisse\u00bb\n<\/h2>\t\t\t\t<\/div>\n\t\t\t\t<\/div>\n\t\t\t\t\t<\/div>\n\t\t<\/div>\n\t\t\t\t\t<\/div>\n\t\t<\/section>\n\t\t\t\t<section class=\"elementor-section elementor-top-section elementor-element elementor-element-9e4b788 elementor-section-full_width elementor-section-height-default elementor-section-height-default\" data-id=\"9e4b788\" data-element_type=\"section\">\n\t\t\t\t\t\t<div class=\"elementor-container elementor-column-gap-wider\">\n\t\t\t\t\t<div class=\"elementor-column elementor-col-25 elementor-top-column elementor-element elementor-element-31c1813\" data-id=\"31c1813\" data-element_type=\"column\">\n\t\t\t<div class=\"elementor-widget-wrap elementor-element-populated\">\n\t\t\t\t\t\t<div class=\"elementor-element elementor-element-c4ffd57 elementor-widget elementor-widget-image\" data-id=\"c4ffd57\" data-element_type=\"widget\" data-widget_type=\"image.default\">\n\t\t\t\t<div class=\"elementor-widget-container\">\n\t\t\t\t\t\t\t\t\t\t\t\t\t\t\t<img decoding=\"async\" width=\"81\" height=\"82\" src=\"https:\/\/ceresmedia.ch\/wp-content\/uploads\/2021\/12\/plant.png\" class=\"attachment-large size-large wp-image-3486\" alt=\"\" \/>\t\t\t\t\t\t\t\t\t\t\t\t\t\t\t<\/div>\n\t\t\t\t<\/div>\n\t\t\t\t<div class=\"elementor-element elementor-element-3f2c784 elementor-widget elementor-widget-icon-box\" data-id=\"3f2c784\" data-element_type=\"widget\" data-widget_type=\"icon-box.default\">\n\t\t\t\t<div class=\"elementor-widget-container\">\n\t\t\t\t\t\t\t<div class=\"elementor-icon-box-wrapper\">\n\n\t\t\t\n\t\t\t\t\t\t<div class=\"elementor-icon-box-content\">\n\n\t\t\t\t\t\t\t\t\t<h3 class=\"elementor-icon-box-title\">\n\t\t\t\t\t\t<span  >\n\t\t\t\t\t\t\tUne profonde compr\u00e9hension du secteur\t\t\t\t\t\t<\/span>\n\t\t\t\t\t<\/h3>\n\t\t\t\t\n\t\t\t\t\t\t\t\t\t<p class=\"elementor-icon-box-description\">\n\t\t\t\t\t\tPlus de 15 ans d'exp\u00e9rience dans les m\u00e9dias et le num\u00e9rique pour l'agriculture.\t\t\t\t\t<\/p>\n\t\t\t\t\n\t\t\t<\/div>\n\t\t\t\n\t\t<\/div>\n\t\t\t\t\t\t<\/div>\n\t\t\t\t<\/div>\n\t\t\t\t\t<\/div>\n\t\t<\/div>\n\t\t\t\t<div class=\"elementor-column elementor-col-25 elementor-top-column elementor-element elementor-element-f7fec15\" data-id=\"f7fec15\" data-element_type=\"column\">\n\t\t\t<div class=\"elementor-widget-wrap elementor-element-populated\">\n\t\t\t\t\t\t<div class=\"elementor-element elementor-element-243cff5 elementor-widget elementor-widget-image\" data-id=\"243cff5\" data-element_type=\"widget\" data-widget_type=\"image.default\">\n\t\t\t\t<div class=\"elementor-widget-container\">\n\t\t\t\t\t\t\t\t\t\t\t\t\t\t\t<img decoding=\"async\" width=\"86\" height=\"85\" src=\"https:\/\/ceresmedia.ch\/wp-content\/uploads\/2021\/12\/coin.png\" class=\"attachment-large size-large wp-image-3488\" alt=\"\" \/>\t\t\t\t\t\t\t\t\t\t\t\t\t\t\t<\/div>\n\t\t\t\t<\/div>\n\t\t\t\t<div class=\"elementor-element elementor-element-9d452b4 elementor-widget elementor-widget-icon-box\" data-id=\"9d452b4\" data-element_type=\"widget\" data-widget_type=\"icon-box.default\">\n\t\t\t\t<div class=\"elementor-widget-container\">\n\t\t\t\t\t\t\t<div class=\"elementor-icon-box-wrapper\">\n\n\t\t\t\n\t\t\t\t\t\t<div class=\"elementor-icon-box-content\">\n\n\t\t\t\t\t\t\t\t\t<h3 class=\"elementor-icon-box-title\">\n\t\t\t\t\t\t<span  >\n\t\t\t\t\t\t\tConditions attrayantes\t\t\t\t\t\t<\/span>\n\t\t\t\t\t<\/h3>\n\t\t\t\t\n\t\t\t\t\t\t\t\t\t<p class=\"elementor-icon-box-description\">\n\t\t\t\t\t\tConditions sp\u00e9ciales n\u00e9goci\u00e9es avec plus de 30 r\u00e9gies (TV, OoH, Print & Digital).\n\n\n\t\t\t\t\t<\/p>\n\t\t\t\t\n\t\t\t<\/div>\n\t\t\t\n\t\t<\/div>\n\t\t\t\t\t\t<\/div>\n\t\t\t\t<\/div>\n\t\t\t\t\t<\/div>\n\t\t<\/div>\n\t\t\t\t<div class=\"elementor-column elementor-col-25 elementor-top-column elementor-element elementor-element-92a6703\" data-id=\"92a6703\" data-element_type=\"column\">\n\t\t\t<div class=\"elementor-widget-wrap elementor-element-populated\">\n\t\t\t\t\t\t<div class=\"elementor-element elementor-element-09cdc74 elementor-widget elementor-widget-image\" data-id=\"09cdc74\" data-element_type=\"widget\" data-widget_type=\"image.default\">\n\t\t\t\t<div class=\"elementor-widget-container\">\n\t\t\t\t\t\t\t\t\t\t\t\t\t\t\t<img decoding=\"async\" width=\"85\" height=\"85\" src=\"https:\/\/ceresmedia.ch\/wp-content\/uploads\/2021\/12\/doc.png\" class=\"attachment-large size-large wp-image-3490\" alt=\"\" \/>\t\t\t\t\t\t\t\t\t\t\t\t\t\t\t<\/div>\n\t\t\t\t<\/div>\n\t\t\t\t<div class=\"elementor-element elementor-element-b4912f5 elementor-widget elementor-widget-icon-box\" data-id=\"b4912f5\" data-element_type=\"widget\" data-widget_type=\"icon-box.default\">\n\t\t\t\t<div class=\"elementor-widget-container\">\n\t\t\t\t\t\t\t<div class=\"elementor-icon-box-wrapper\">\n\n\t\t\t\n\t\t\t\t\t\t<div class=\"elementor-icon-box-content\">\n\n\t\t\t\t\t\t\t\t\t<h3 class=\"elementor-icon-box-title\">\n\t\t\t\t\t\t<span  >\n\t\t\t\t\t\t\tFacturation transparente\t\t\t\t\t\t<\/span>\n\t\t\t\t\t<\/h3>\n\t\t\t\t\n\t\t\t\t\t\t\t\t\t<p class=\"elementor-icon-box-description\">\n\t\t\t\t\t\tHonoraires sur Mediaspend & sur la valeur ajout\u00e9e n\u00e9goci\u00e9e.\n\n\t\t\t\t\t<\/p>\n\t\t\t\t\n\t\t\t<\/div>\n\t\t\t\n\t\t<\/div>\n\t\t\t\t\t\t<\/div>\n\t\t\t\t<\/div>\n\t\t\t\t\t<\/div>\n\t\t<\/div>\n\t\t\t\t<div class=\"elementor-column elementor-col-25 elementor-top-column elementor-element elementor-element-9b7c8a5\" data-id=\"9b7c8a5\" data-element_type=\"column\">\n\t\t\t<div class=\"elementor-widget-wrap elementor-element-populated\">\n\t\t\t\t\t\t<div class=\"elementor-element elementor-element-7e69625 elementor-widget elementor-widget-image\" data-id=\"7e69625\" data-element_type=\"widget\" data-widget_type=\"image.default\">\n\t\t\t\t<div class=\"elementor-widget-container\">\n\t\t\t\t\t\t\t\t\t\t\t\t\t\t\t<img loading=\"lazy\" decoding=\"async\" width=\"87\" height=\"86\" src=\"https:\/\/ceresmedia.ch\/wp-content\/uploads\/2021\/12\/net.png\" class=\"attachment-large size-large wp-image-3492\" alt=\"\" \/>\t\t\t\t\t\t\t\t\t\t\t\t\t\t\t<\/div>\n\t\t\t\t<\/div>\n\t\t\t\t<div class=\"elementor-element elementor-element-7e0c8ea elementor-widget elementor-widget-icon-box\" data-id=\"7e0c8ea\" data-element_type=\"widget\" data-widget_type=\"icon-box.default\">\n\t\t\t\t<div class=\"elementor-widget-container\">\n\t\t\t\t\t\t\t<div class=\"elementor-icon-box-wrapper\">\n\n\t\t\t\n\t\t\t\t\t\t<div class=\"elementor-icon-box-content\">\n\n\t\t\t\t\t\t\t\t\t<h3 class=\"elementor-icon-box-title\">\n\t\t\t\t\t\t<span  >\n\t\t\t\t\t\t\tPool de donn\u00e9es unique\t\t\t\t\t\t<\/span>\n\t\t\t\t\t<\/h3>\n\t\t\t\t\n\t\t\t\t\t\t\t\t\t<p class=\"elementor-icon-box-description\">\n\t\t\t\t\t\tLe plus grand pool de donn\u00e9es agricoles de Suisse avec plus de 3,9 millions de clients uniques.\t\t\t\t\t<\/p>\n\t\t\t\t\n\t\t\t<\/div>\n\t\t\t\n\t\t<\/div>\n\t\t\t\t\t\t<\/div>\n\t\t\t\t<\/div>\n\t\t\t\t\t<\/div>\n\t\t<\/div>\n\t\t\t\t\t<\/div>\n\t\t<\/section>\n\t\t\t\t<section class=\"elementor-section elementor-top-section elementor-element elementor-element-4462eb1 elementor-section-full_width elementor-section-height-default elementor-section-height-default\" data-id=\"4462eb1\" data-element_type=\"section\">\n\t\t\t\t\t\t<div class=\"elementor-container elementor-column-gap-default\">\n\t\t\t\t\t<div class=\"elementor-column elementor-col-100 elementor-top-column elementor-element elementor-element-ad28c0c\" data-id=\"ad28c0c\" data-element_type=\"column\">\n\t\t\t<div class=\"elementor-widget-wrap elementor-element-populated\">\n\t\t\t\t\t\t<div class=\"elementor-element elementor-element-687e7d0 elementor-cta--skin-classic elementor-animated-content elementor-bg-transform elementor-bg-transform-zoom-in elementor-widget elementor-widget-call-to-action\" data-id=\"687e7d0\" data-element_type=\"widget\" data-widget_type=\"call-to-action.default\">\n\t\t\t\t<div class=\"elementor-widget-container\">\n\t\t\t\t\t\t\t<a class=\"elementor-cta\" href=\"mailto:hallo@ceresmedia.ch\">\n\t\t\t\t\t<div class=\"elementor-cta__bg-wrapper\">\n\t\t\t\t<div class=\"elementor-cta__bg elementor-bg\" style=\"background-image: url(https:\/\/ceresmedia.ch\/wp-content\/uploads\/2021\/12\/gruen.jpg);\" role=\"img\" aria-label=\"vert\"><\/div>\n\t\t\t\t<div class=\"elementor-cta__bg-overlay\"><\/div>\n\t\t\t<\/div>\n\t\t\t\t\t\t\t<div class=\"elementor-cta__content\">\n\t\t\t\t\n\t\t\t\t\t\t\t\t\t<h3 class=\"elementor-cta__title elementor-cta__content-item elementor-content-item\">\n\t\t\t\t\t\tComment pouvons-nous vous aider?\t\t\t\t\t<\/h3>\n\t\t\t\t\n\t\t\t\t\t\t\t\t\t<div class=\"elementor-cta__description elementor-cta__content-item elementor-content-item\">\n\t\t\t\t\t\t<p>CERES MEDIA vous soutient volontiers dans l'utilisation des m\u00e9dias \u00e0 des fins de marketing.<\/p>\n\t\t\t\t\t<\/div>\n\t\t\t\t\n\t\t\t\t\t\t\t\t\t<div class=\"elementor-cta__button-wrapper elementor-cta__content-item elementor-content-item \">\n\t\t\t\t\t<span class=\"elementor-cta__button elementor-button elementor-size-\">\n\t\t\t\t\t\tContactez-nous\t\t\t\t\t<\/span>\n\t\t\t\t\t<\/div>\n\t\t\t\t\t\t\t<\/div>\n\t\t\t\t\t\t<\/a>\n\t\t\t\t\t\t<\/div>\n\t\t\t\t<\/div>\n\t\t\t\t\t<\/div>\n\t\t<\/div>\n\t\t\t\t\t<\/div>\n\t\t<\/section>\n\t\t\t\t<\/div>\n\t\t","protected":false},"excerpt":{"rendered":"<p>Portrait CERES MEDIA est l\u2019agence proposant un service complet pour l\u2019agriculture suisse et le partenaire exclusif d\u2019Agro-Marketing Suisse (AMS). Elle s\u2019engage pour les buts strat\u00e9giques et le fil rouge d\u00e9finis par AMS : Augmenter la consommation de produits agricoles suisses par rapport \u00e0 la concurrence et aux produits de substitution \u00e9trangers. Susciter l\u2019enthousiasme des consommateurs\u00b7trices [&hellip;]<\/p>\n","protected":false},"author":1,"featured_media":3229,"parent":0,"menu_order":0,"comment_status":"closed","ping_status":"closed","template":"","meta":{"footnotes":""},"class_list":["post-2716","page","type-page","status-publish","has-post-thumbnail","hentry"],"yoast_head":"<!-- This site is optimized with the Yoast SEO Premium plugin v25.0 (Yoast SEO v25.0) - https:\/\/yoast.com\/wordpress\/plugins\/seo\/ -->\n<title>CERES MEDIA \u2013 Agence full-service pour l\u2019agriculture suisse<\/title>\n<meta name=\"description\" content=\"CERES MEDIA est l\u2019agence proposant un service complet pour l\u2019agriculture suisse et le partenaire exclusif d\u2019Agro-Marketing Suisse (AMS).\" \/>\n<meta name=\"robots\" content=\"index, follow, max-snippet:-1, max-image-preview:large, max-video-preview:-1\" \/>\n<link rel=\"canonical\" href=\"https:\/\/ceresmedia.ch\/fr\/portrait\/\" \/>\n<meta property=\"og:locale\" content=\"fr_FR\" \/>\n<meta property=\"og:type\" content=\"article\" \/>\n<meta property=\"og:title\" content=\"CERES MEDIA \u2013 Agence full-service pour l\u2019agriculture suisse\" \/>\n<meta property=\"og:description\" content=\"CERES MEDIA est l\u2019agence proposant un service complet pour l\u2019agriculture suisse et le partenaire exclusif d\u2019Agro-Marketing Suisse (AMS).\" \/>\n<meta property=\"og:url\" content=\"https:\/\/ceresmedia.ch\/fr\/portrait\/\" \/>\n<meta property=\"og:site_name\" content=\"CERES MEDIA\" \/>\n<meta property=\"article:publisher\" content=\"https:\/\/www.facebook.com\/ceresmedia.ch\" \/>\n<meta property=\"article:modified_time\" content=\"2021-12-28T14:08:33+00:00\" \/>\n<meta property=\"og:image\" content=\"https:\/\/ceresmedia.ch\/wp-content\/uploads\/2021\/12\/visual_rgb.png\" \/>\n\t<meta property=\"og:image:width\" content=\"1000\" \/>\n\t<meta property=\"og:image:height\" content=\"1022\" \/>\n\t<meta property=\"og:image:type\" content=\"image\/png\" \/>\n<meta name=\"twitter:card\" content=\"summary_large_image\" \/>\n<meta name=\"twitter:title\" content=\"CERES MEDIA \u2013 Agence full-service pour l\u2019agriculture suisse\" \/>\n<meta name=\"twitter:description\" content=\"CERES MEDIA est l\u2019agence proposant un service complet pour l\u2019agriculture suisse et le partenaire exclusif d\u2019Agro-Marketing Suisse (AMS).\" \/>\n<meta name=\"twitter:label1\" content=\"Dur\u00e9e de lecture estim\u00e9e\" \/>\n\t<meta name=\"twitter:data1\" content=\"2 minutes\" \/>\n<!-- \/ Yoast SEO Premium plugin. -->","yoast_head_json":{"title":"CERES MEDIA \u2013 Agence full-service pour l\u2019agriculture suisse","description":"CERES MEDIA est l\u2019agence proposant un service complet pour l\u2019agriculture suisse et le partenaire exclusif d\u2019Agro-Marketing Suisse (AMS).","robots":{"index":"index","follow":"follow","max-snippet":"max-snippet:-1","max-image-preview":"max-image-preview:large","max-video-preview":"max-video-preview:-1"},"canonical":"https:\/\/ceresmedia.ch\/fr\/portrait\/","og_locale":"fr_FR","og_type":"article","og_title":"CERES MEDIA \u2013 Agence full-service pour l\u2019agriculture suisse","og_description":"CERES MEDIA est l\u2019agence proposant un service complet pour l\u2019agriculture suisse et le partenaire exclusif d\u2019Agro-Marketing Suisse (AMS).","og_url":"https:\/\/ceresmedia.ch\/fr\/portrait\/","og_site_name":"CERES MEDIA","article_publisher":"https:\/\/www.facebook.com\/ceresmedia.ch","article_modified_time":"2021-12-28T14:08:33+00:00","og_image":[{"width":1000,"height":1022,"url":"https:\/\/ceresmedia.ch\/wp-content\/uploads\/2021\/12\/visual_rgb.png","type":"image\/png"}],"twitter_card":"summary_large_image","twitter_title":"CERES MEDIA \u2013 Agence full-service pour l\u2019agriculture suisse","twitter_description":"CERES MEDIA est l\u2019agence proposant un service complet pour l\u2019agriculture suisse et le partenaire exclusif d\u2019Agro-Marketing Suisse (AMS).","twitter_misc":{"Dur\u00e9e de lecture estim\u00e9e":"2 minutes"},"schema":{"@context":"https:\/\/schema.org","@graph":[{"@type":"WebPage","@id":"https:\/\/ceresmedia.ch\/fr\/portrait\/","url":"https:\/\/ceresmedia.ch\/fr\/portrait\/","name":"CERES MEDIA \u2013 Agence full-service pour l\u2019agriculture suisse","isPartOf":{"@id":"https:\/\/ceresmedia.ch\/fr\/#website"},"primaryImageOfPage":{"@id":"https:\/\/ceresmedia.ch\/fr\/portrait\/#primaryimage"},"image":{"@id":"https:\/\/ceresmedia.ch\/fr\/portrait\/#primaryimage"},"thumbnailUrl":"https:\/\/ceresmedia.ch\/wp-content\/uploads\/2021\/12\/visual_rgb.png","datePublished":"2021-12-23T14:02:06+00:00","dateModified":"2021-12-28T14:08:33+00:00","description":"CERES MEDIA est l\u2019agence proposant un service complet pour l\u2019agriculture suisse et le partenaire exclusif d\u2019Agro-Marketing Suisse (AMS).","breadcrumb":{"@id":"https:\/\/ceresmedia.ch\/fr\/portrait\/#breadcrumb"},"inLanguage":"fr-FR","potentialAction":[{"@type":"ReadAction","target":["https:\/\/ceresmedia.ch\/fr\/portrait\/"]}]},{"@type":"ImageObject","inLanguage":"fr-FR","@id":"https:\/\/ceresmedia.ch\/fr\/portrait\/#primaryimage","url":"https:\/\/ceresmedia.ch\/wp-content\/uploads\/2021\/12\/visual_rgb.png","contentUrl":"https:\/\/ceresmedia.ch\/wp-content\/uploads\/2021\/12\/visual_rgb.png","width":1000,"height":1022,"caption":"Logo"},{"@type":"BreadcrumbList","@id":"https:\/\/ceresmedia.ch\/fr\/portrait\/#breadcrumb","itemListElement":[{"@type":"ListItem","position":1,"name":"Home","item":"https:\/\/ceresmedia.ch\/fr\/"},{"@type":"ListItem","position":2,"name":"Portrait"}]},{"@type":"WebSite","@id":"https:\/\/ceresmedia.ch\/fr\/#website","url":"https:\/\/ceresmedia.ch\/fr\/","name":"CERES MEDIA","description":"Die Full-Service-Agentur der Schweizer Land- und Ern\u00e4hrungswirtschaft","publisher":{"@id":"https:\/\/ceresmedia.ch\/fr\/#organization"},"potentialAction":[{"@type":"SearchAction","target":{"@type":"EntryPoint","urlTemplate":"https:\/\/ceresmedia.ch\/fr\/?s={search_term_string}"},"query-input":{"@type":"PropertyValueSpecification","valueRequired":true,"valueName":"search_term_string"}}],"inLanguage":"fr-FR"},{"@type":"Organization","@id":"https:\/\/ceresmedia.ch\/fr\/#organization","name":"CERES MEDIA","url":"https:\/\/ceresmedia.ch\/fr\/","logo":{"@type":"ImageObject","inLanguage":"fr-FR","@id":"https:\/\/ceresmedia.ch\/fr\/#\/schema\/logo\/image\/","url":"https:\/\/ceresmedia.ch\/wp-content\/uploads\/2022\/04\/visual_rgb.png","contentUrl":"https:\/\/ceresmedia.ch\/wp-content\/uploads\/2022\/04\/visual_rgb.png","width":1000,"height":1022,"caption":"CERES MEDIA"},"image":{"@id":"https:\/\/ceresmedia.ch\/fr\/#\/schema\/logo\/image\/"},"sameAs":["https:\/\/www.facebook.com\/ceresmedia.ch","https:\/\/www.instagram.com\/ceresmedia.ch\/","https:\/\/www.linkedin.com\/company\/ceresmedia\/about\/","https:\/\/www.youtube.com\/channel\/UCShUDGRj7FqGLIrPFiCnx2w"],"description":"CERES MEDIA est l'agence m\u00e9dia du secteur agroalimentaire suisse. En tant que partenaire exclusif d'AMS Agro-Marketing Suisse, nous d\u00e9veloppons des strat\u00e9gies et des campagnes plurim\u00e9dias afin de rendre les aliments r\u00e9gionaux plus visibles et d'encourager un comportement de consommation durable. Nous combinons une profonde connaissance du secteur avec un savoir-faire technologique et des conditions sp\u00e9ciales n\u00e9goci\u00e9es aupr\u00e8s de plus de 30 entreprises de m\u00e9dias (TV, presse, OOH, num\u00e9rique, cin\u00e9ma). Notre travail est bas\u00e9 sur la confiance, la transparence et des r\u00e9sultats mesurables - pour des clients que nous accompagnons en tant que partenaires strat\u00e9giques.","email":"hallo@ceresmedia.ch","telephone":"031 359 55 55","legalName":"CERES MEDIA AG","foundingDate":"2021-12-08","vatID":"CHE304215558","numberOfEmployees":{"@type":"QuantitativeValue","minValue":"1","maxValue":"10"},"publishingPrinciples":"https:\/\/ceresmedia.ch\/impressum\/","ownershipFundingInfo":"https:\/\/ceresmedia.ch\/impressum\/","actionableFeedbackPolicy":"https:\/\/ceresmedia.ch\/impressum\/","correctionsPolicy":"https:\/\/ceresmedia.ch\/impressum\/","ethicsPolicy":"https:\/\/ceresmedia.ch\/impressum\/"}]}},"_links":{"self":[{"href":"https:\/\/ceresmedia.ch\/fr\/wp-json\/wp\/v2\/pages\/2716","targetHints":{"allow":["GET"]}}],"collection":[{"href":"https:\/\/ceresmedia.ch\/fr\/wp-json\/wp\/v2\/pages"}],"about":[{"href":"https:\/\/ceresmedia.ch\/fr\/wp-json\/wp\/v2\/types\/page"}],"author":[{"embeddable":true,"href":"https:\/\/ceresmedia.ch\/fr\/wp-json\/wp\/v2\/users\/1"}],"replies":[{"embeddable":true,"href":"https:\/\/ceresmedia.ch\/fr\/wp-json\/wp\/v2\/comments?post=2716"}],"version-history":[{"count":40,"href":"https:\/\/ceresmedia.ch\/fr\/wp-json\/wp\/v2\/pages\/2716\/revisions"}],"predecessor-version":[{"id":3818,"href":"https:\/\/ceresmedia.ch\/fr\/wp-json\/wp\/v2\/pages\/2716\/revisions\/3818"}],"wp:featuredmedia":[{"embeddable":true,"href":"https:\/\/ceresmedia.ch\/fr\/wp-json\/wp\/v2\/media\/3229"}],"wp:attachment":[{"href":"https:\/\/ceresmedia.ch\/fr\/wp-json\/wp\/v2\/media?parent=2716"}],"curies":[{"name":"wp","href":"https:\/\/api.w.org\/{rel}","templated":true}]}}