{"id":2723,"date":"2021-12-23T14:02:07","date_gmt":"2021-12-23T14:02:07","guid":{"rendered":"https:\/\/ceresmedia.ch\/imprimer\/"},"modified":"2024-09-05T14:43:28","modified_gmt":"2024-09-05T14:43:28","slug":"impressum","status":"publish","type":"page","link":"https:\/\/ceresmedia.ch\/fr\/impressum\/","title":{"rendered":"Impressum"},"content":{"rendered":"\t\t<div data-elementor-type=\"wp-page\" data-elementor-id=\"2723\" class=\"elementor elementor-2723 elementor-873\" data-elementor-post-type=\"page\">\n\t\t\t\t\t\t<section class=\"elementor-section elementor-top-section elementor-element elementor-element-6f76c77 elementor-section-content-top elementor-section-full_width elementor-section-height-default elementor-section-height-default\" data-id=\"6f76c77\" data-element_type=\"section\">\n\t\t\t\t\t\t<div class=\"elementor-container elementor-column-gap-wider\">\n\t\t\t\t\t<div class=\"elementor-column elementor-col-66 elementor-top-column elementor-element elementor-element-419af99\" data-id=\"419af99\" data-element_type=\"column\">\n\t\t\t<div class=\"elementor-widget-wrap elementor-element-populated\">\n\t\t\t\t\t\t<div class=\"elementor-element elementor-element-e6efe79 elementor-widget elementor-widget-heading\" data-id=\"e6efe79\" data-element_type=\"widget\" data-widget_type=\"heading.default\">\n\t\t\t\t<div class=\"elementor-widget-container\">\n\t\t\t\t\t<h1 class=\"elementor-heading-title elementor-size-default\">Impressum<\/h1>\t\t\t\t<\/div>\n\t\t\t\t<\/div>\n\t\t\t\t<div class=\"elementor-element elementor-element-3f6a1e3 elementor-widget elementor-widget-heading\" data-id=\"3f6a1e3\" data-element_type=\"widget\" data-widget_type=\"heading.default\">\n\t\t\t\t<div class=\"elementor-widget-container\">\n\t\t\t\t\t<h2 class=\"elementor-heading-title elementor-size-default\">Responsable du contenu de ce site\n<\/h2>\t\t\t\t<\/div>\n\t\t\t\t<\/div>\n\t\t\t\t<div class=\"elementor-element elementor-element-860da84 elementor-widget elementor-widget-heading\" data-id=\"860da84\" data-element_type=\"widget\" data-widget_type=\"heading.default\">\n\t\t\t\t<div class=\"elementor-widget-container\">\n\t\t\t\t\t<p class=\"elementor-heading-title elementor-size-default\">CERES MEDIA AG | Laubeggstrasse 68 | CH-3006 Berne | T\u00e9l\u00e9phone: <a href=\"tel:0313595555\">+41 31 359 55 55<\/a> <br \/>E-Mail: <a href=\"mailto:hallo@ceresmedia.ch\">hallo@ceresmedia.ch<\/a>\n<\/p>\t\t\t\t<\/div>\n\t\t\t\t<\/div>\n\t\t\t\t<div class=\"elementor-element elementor-element-ecc8a9a elementor-widget elementor-widget-heading\" data-id=\"ecc8a9a\" data-element_type=\"widget\" data-widget_type=\"heading.default\">\n\t\t\t\t<div class=\"elementor-widget-container\">\n\t\t\t\t\t<h2 class=\"elementor-heading-title elementor-size-default\">Repr\u00e9sentants autoris\u00e9s<\/h2>\t\t\t\t<\/div>\n\t\t\t\t<\/div>\n\t\t\t\t<div class=\"elementor-element elementor-element-82a641c elementor-widget elementor-widget-heading\" data-id=\"82a641c\" data-element_type=\"widget\" data-widget_type=\"heading.default\">\n\t\t\t\t<div class=\"elementor-widget-container\">\n\t\t\t\t\t<p class=\"elementor-heading-title elementor-size-default\">Alessandro Giuliano<br>\nCaroline Nagiel<br>\nMichael Richner<\/p>\t\t\t\t<\/div>\n\t\t\t\t<\/div>\n\t\t\t\t<div class=\"elementor-element elementor-element-f6ac029 elementor-widget elementor-widget-heading\" data-id=\"f6ac029\" data-element_type=\"widget\" data-widget_type=\"heading.default\">\n\t\t\t\t<div class=\"elementor-widget-container\">\n\t\t\t\t\t<h2 class=\"elementor-heading-title elementor-size-default\">Inscription au registre du commerce<\/h2>\t\t\t\t<\/div>\n\t\t\t\t<\/div>\n\t\t\t\t<div class=\"elementor-element elementor-element-41a5848 elementor-widget elementor-widget-heading\" data-id=\"41a5848\" data-element_type=\"widget\" data-widget_type=\"heading.default\">\n\t\t\t\t<div class=\"elementor-widget-container\">\n\t\t\t\t\t<p class=\"elementor-heading-title elementor-size-default\">D\u00e9nomination sociale : CERES MEDIA AG<br>\nAdresse du domicile : Laubeggstrasse 68, CH-3006 Berne<br>\nNum\u00e9ro : CHE-304.215.558<br>\nRegistre du commerce : Berne<\/p>\t\t\t\t<\/div>\n\t\t\t\t<\/div>\n\t\t\t\t<div class=\"elementor-element elementor-element-bbd9277 elementor-widget elementor-widget-heading\" data-id=\"bbd9277\" data-element_type=\"widget\" data-widget_type=\"heading.default\">\n\t\t\t\t<div class=\"elementor-widget-container\">\n\t\t\t\t\t<h2 class=\"elementor-heading-title elementor-size-default\">Num\u00e9ro de TVA<\/h2>\t\t\t\t<\/div>\n\t\t\t\t<\/div>\n\t\t\t\t<div class=\"elementor-element elementor-element-9e3df2b elementor-widget elementor-widget-heading\" data-id=\"9e3df2b\" data-element_type=\"widget\" data-widget_type=\"heading.default\">\n\t\t\t\t<div class=\"elementor-widget-container\">\n\t\t\t\t\t<p class=\"elementor-heading-title elementor-size-default\">CHE-304.215.558 TVA<\/p>\t\t\t\t<\/div>\n\t\t\t\t<\/div>\n\t\t\t\t<div class=\"elementor-element elementor-element-c7ddd64 elementor-widget elementor-widget-heading\" data-id=\"c7ddd64\" data-element_type=\"widget\" data-widget_type=\"heading.default\">\n\t\t\t\t<div class=\"elementor-widget-container\">\n\t\t\t\t\t<h2 class=\"elementor-heading-title elementor-size-default\">Organe de r\u00e9vision<\/h2>\t\t\t\t<\/div>\n\t\t\t\t<\/div>\n\t\t\t\t<div class=\"elementor-element elementor-element-eb87686 elementor-widget elementor-widget-heading\" data-id=\"eb87686\" data-element_type=\"widget\" data-widget_type=\"heading.default\">\n\t\t\t\t<div class=\"elementor-widget-container\">\n\t\t\t\t\t<p class=\"elementor-heading-title elementor-size-default\">Gfeller + Partner AG, \u00e0 Berne<\/p>\t\t\t\t<\/div>\n\t\t\t\t<\/div>\n\t\t\t\t<div class=\"elementor-element elementor-element-7ddda86 elementor-widget elementor-widget-heading\" data-id=\"7ddda86\" data-element_type=\"widget\" data-widget_type=\"heading.default\">\n\t\t\t\t<div class=\"elementor-widget-container\">\n\t\t\t\t\t<h2 class=\"elementor-heading-title elementor-size-default\">Sous r\u00e9serve de modifications<\/h2>\t\t\t\t<\/div>\n\t\t\t\t<\/div>\n\t\t\t\t<div class=\"elementor-element elementor-element-bcf6679 elementor-widget elementor-widget-heading\" data-id=\"bcf6679\" data-element_type=\"widget\" data-widget_type=\"heading.default\">\n\t\t\t\t<div class=\"elementor-widget-container\">\n\t\t\t\t\t<p class=\"elementor-heading-title elementor-size-default\">Toutes les informations pr\u00e9sent\u00e9es s'entendent sous r\u00e9serve de modifications \u00e9ventuelles.<\/p>\t\t\t\t<\/div>\n\t\t\t\t<\/div>\n\t\t\t\t<div class=\"elementor-element elementor-element-037bbc5 elementor-widget elementor-widget-heading\" data-id=\"037bbc5\" data-element_type=\"widget\" data-widget_type=\"heading.default\">\n\t\t\t\t<div class=\"elementor-widget-container\">\n\t\t\t\t\t<h2 class=\"elementor-heading-title elementor-size-default\">Droits d'auteur<\/h2>\t\t\t\t<\/div>\n\t\t\t\t<\/div>\n\t\t\t\t<div class=\"elementor-element elementor-element-b39f05c elementor-widget elementor-widget-heading\" data-id=\"b39f05c\" data-element_type=\"widget\" data-widget_type=\"heading.default\">\n\t\t\t\t<div class=\"elementor-widget-container\">\n\t\t\t\t\t<p class=\"elementor-heading-title elementor-size-default\">Le contenu de ce site web est prot\u00e9g\u00e9 par les droits d'auteur. La mise \u00e0 disposition du contenu et des images de ce site sur d'autres sites Internet n'est autoris\u00e9e qu'avec l'accord expr\u00e8s de CERES MEDIA AG. Les informations contenues sur ce site web ont \u00e9t\u00e9 \u00e9labor\u00e9es en toute conscience et leur exactitude a \u00e9t\u00e9 v\u00e9rifi\u00e9e avec le plus grand soin. Toutefois, des erreurs de contenu et de fond ne peuvent pas \u00eatre totalement exclues. CERES MEDIA AG n'assume aucune garantie ni responsabilit\u00e9 quant \u00e0 l'exactitude, l'actualit\u00e9 et l'exhaustivit\u00e9 des informations mises \u00e0 disposition. Toutes les informations sont fournies sans garantie.<\/p>\t\t\t\t<\/div>\n\t\t\t\t<\/div>\n\t\t\t\t<div class=\"elementor-element elementor-element-3e441ab elementor-widget elementor-widget-heading\" data-id=\"3e441ab\" data-element_type=\"widget\" data-widget_type=\"heading.default\">\n\t\t\t\t<div class=\"elementor-widget-container\">\n\t\t\t\t\t<h2 class=\"elementor-heading-title elementor-size-default\">Clause de non-responsabilit\u00e9<\/h2>\t\t\t\t<\/div>\n\t\t\t\t<\/div>\n\t\t\t\t<div class=\"elementor-element elementor-element-a1ae119 elementor-widget elementor-widget-heading\" data-id=\"a1ae119\" data-element_type=\"widget\" data-widget_type=\"heading.default\">\n\t\t\t\t<div class=\"elementor-widget-container\">\n\t\t\t\t\t<p class=\"elementor-heading-title elementor-size-default\">Le prestataire de services n'assume aucune garantie pour les informations mises \u00e0 disposition. Toute revendication de responsabilit\u00e9 de quelque nature que ce soit sur la base des contenus pr\u00e9sents est exclue. De m\u00eame, aucune responsabilit\u00e9 n'est assum\u00e9e pour les liens externes. Seuls les exploitants des pages li\u00e9es sont responsables de leur contenu.<\/p>\t\t\t\t<\/div>\n\t\t\t\t<\/div>\n\t\t\t\t\t<\/div>\n\t\t<\/div>\n\t\t\t\t<div class=\"elementor-column elementor-col-33 elementor-top-column elementor-element elementor-element-0d59a6d\" data-id=\"0d59a6d\" data-element_type=\"column\">\n\t\t\t<div class=\"elementor-widget-wrap\">\n\t\t\t\t\t\t\t<\/div>\n\t\t<\/div>\n\t\t\t\t\t<\/div>\n\t\t<\/section>\n\t\t\t\t<\/div>\n\t\t","protected":false},"excerpt":{"rendered":"<p>Impressum Responsable du contenu de ce site CERES MEDIA AG | Laubeggstrasse 68 | CH-3006 Berne | T\u00e9l\u00e9phone: +41 31 359 55 55 E-Mail: hallo@ceresmedia.ch Repr\u00e9sentants autoris\u00e9s Alessandro Giuliano Caroline Nagiel Michael Richner Inscription au registre du commerce D\u00e9nomination sociale : CERES MEDIA AG Adresse du domicile : Laubeggstrasse 68, CH-3006 Berne Num\u00e9ro : CHE-304.215.558 [&hellip;]<\/p>\n","protected":false},"author":1,"featured_media":3229,"parent":0,"menu_order":0,"comment_status":"closed","ping_status":"closed","template":"","meta":{"footnotes":""},"class_list":["post-2723","page","type-page","status-publish","has-post-thumbnail","hentry"],"yoast_head":"<!-- This site is optimized with the Yoast SEO Premium plugin v25.0 (Yoast SEO v25.0) - https:\/\/yoast.com\/wordpress\/plugins\/seo\/ -->\n<title>Impressum - CERES MEDIA<\/title>\n<meta name=\"description\" content=\"Responsable du contenu de ce site: CERES MEDIA AG | Brunnmattstrasse 21 | CH-3007 Berne T\u00e9l\u00e9phone : +41 31 359 58 82 | Email : hallo@ceresmedia.ch | Impressum\" \/>\n<meta name=\"robots\" content=\"noindex, nofollow\" \/>\n<meta property=\"og:locale\" content=\"fr_FR\" \/>\n<meta property=\"og:type\" content=\"article\" \/>\n<meta property=\"og:title\" content=\"Impressum\" \/>\n<meta property=\"og:description\" content=\"Responsable du contenu de ce site: CERES MEDIA AG | Brunnmattstrasse 21 | CH-3007 Berne T\u00e9l\u00e9phone : +41 31 359 58 82 | Email : hallo@ceresmedia.ch | Impressum\" \/>\n<meta property=\"og:url\" content=\"https:\/\/ceresmedia.ch\/fr\/impressum\/\" \/>\n<meta property=\"og:site_name\" content=\"CERES MEDIA\" \/>\n<meta property=\"article:publisher\" content=\"https:\/\/www.facebook.com\/ceresmedia.ch\" \/>\n<meta property=\"article:modified_time\" content=\"2024-09-05T14:43:28+00:00\" \/>\n<meta property=\"og:image\" content=\"https:\/\/ceresmedia.ch\/wp-content\/uploads\/2021\/12\/visual_rgb.png\" \/>\n<meta name=\"twitter:card\" content=\"summary_large_image\" \/>\n<meta name=\"twitter:title\" content=\"Impressum\" \/>\n<meta name=\"twitter:description\" content=\"Responsable du contenu de ce site: CERES MEDIA AG | Brunnmattstrasse 21 | CH-3007 Berne | T\u00e9l\u00e9phone : +41 31 359 58 82 | Email : hallo@ceresmedia.ch | Impressum\" \/>\n<meta name=\"twitter:image\" content=\"https:\/\/ceresmedia.ch\/wp-content\/uploads\/2021\/12\/visual_rgb.png\" \/>\n<meta name=\"twitter:label1\" content=\"Dur\u00e9e de lecture estim\u00e9e\" \/>\n\t<meta name=\"twitter:data1\" content=\"2 minutes\" \/>\n<!-- \/ Yoast SEO Premium plugin. -->","yoast_head_json":{"title":"Impressum - CERES MEDIA","description":"Responsable du contenu de ce site: CERES MEDIA AG | Brunnmattstrasse 21 | CH-3007 Berne T\u00e9l\u00e9phone : +41 31 359 58 82 | Email : hallo@ceresmedia.ch | Impressum","robots":{"index":"noindex","follow":"nofollow"},"og_locale":"fr_FR","og_type":"article","og_title":"Impressum","og_description":"Responsable du contenu de ce site: CERES MEDIA AG | Brunnmattstrasse 21 | CH-3007 Berne T\u00e9l\u00e9phone : +41 31 359 58 82 | Email : hallo@ceresmedia.ch | Impressum","og_url":"https:\/\/ceresmedia.ch\/fr\/impressum\/","og_site_name":"CERES MEDIA","article_publisher":"https:\/\/www.facebook.com\/ceresmedia.ch","article_modified_time":"2024-09-05T14:43:28+00:00","og_image":[{"url":"https:\/\/ceresmedia.ch\/wp-content\/uploads\/2021\/12\/visual_rgb.png","type":"","width":"","height":""}],"twitter_card":"summary_large_image","twitter_title":"Impressum","twitter_description":"Responsable du contenu de ce site: CERES MEDIA AG | Brunnmattstrasse 21 | CH-3007 Berne | T\u00e9l\u00e9phone : +41 31 359 58 82 | Email : hallo@ceresmedia.ch | Impressum","twitter_image":"https:\/\/ceresmedia.ch\/wp-content\/uploads\/2021\/12\/visual_rgb.png","twitter_misc":{"Dur\u00e9e de lecture estim\u00e9e":"2 minutes"},"schema":{"@context":"https:\/\/schema.org","@graph":[{"@type":"WebPage","@id":"https:\/\/ceresmedia.ch\/fr\/impressum\/","url":"https:\/\/ceresmedia.ch\/fr\/impressum\/","name":"Impressum - CERES MEDIA","isPartOf":{"@id":"https:\/\/ceresmedia.ch\/fr\/#website"},"primaryImageOfPage":{"@id":"https:\/\/ceresmedia.ch\/fr\/impressum\/#primaryimage"},"image":{"@id":"https:\/\/ceresmedia.ch\/fr\/impressum\/#primaryimage"},"thumbnailUrl":"https:\/\/ceresmedia.ch\/wp-content\/uploads\/2021\/12\/visual_rgb.png","datePublished":"2021-12-23T14:02:07+00:00","dateModified":"2024-09-05T14:43:28+00:00","description":"Responsable du contenu de ce site: CERES MEDIA AG | Brunnmattstrasse 21 | CH-3007 Berne T\u00e9l\u00e9phone : +41 31 359 58 82 | Email : hallo@ceresmedia.ch | Impressum","breadcrumb":{"@id":"https:\/\/ceresmedia.ch\/fr\/impressum\/#breadcrumb"},"inLanguage":"fr-FR","potentialAction":[{"@type":"ReadAction","target":["https:\/\/ceresmedia.ch\/fr\/impressum\/"]}]},{"@type":"ImageObject","inLanguage":"fr-FR","@id":"https:\/\/ceresmedia.ch\/fr\/impressum\/#primaryimage","url":"https:\/\/ceresmedia.ch\/wp-content\/uploads\/2021\/12\/visual_rgb.png","contentUrl":"https:\/\/ceresmedia.ch\/wp-content\/uploads\/2021\/12\/visual_rgb.png","width":1000,"height":1022,"caption":"Logo"},{"@type":"BreadcrumbList","@id":"https:\/\/ceresmedia.ch\/fr\/impressum\/#breadcrumb","itemListElement":[{"@type":"ListItem","position":1,"name":"Home","item":"https:\/\/ceresmedia.ch\/fr\/"},{"@type":"ListItem","position":2,"name":"Impressum"}]},{"@type":"WebSite","@id":"https:\/\/ceresmedia.ch\/fr\/#website","url":"https:\/\/ceresmedia.ch\/fr\/","name":"CERES MEDIA","description":"Die Full-Service-Agentur der Schweizer Land- und Ern\u00e4hrungswirtschaft","publisher":{"@id":"https:\/\/ceresmedia.ch\/fr\/#organization"},"potentialAction":[{"@type":"SearchAction","target":{"@type":"EntryPoint","urlTemplate":"https:\/\/ceresmedia.ch\/fr\/?s={search_term_string}"},"query-input":{"@type":"PropertyValueSpecification","valueRequired":true,"valueName":"search_term_string"}}],"inLanguage":"fr-FR"},{"@type":"Organization","@id":"https:\/\/ceresmedia.ch\/fr\/#organization","name":"CERES MEDIA","url":"https:\/\/ceresmedia.ch\/fr\/","logo":{"@type":"ImageObject","inLanguage":"fr-FR","@id":"https:\/\/ceresmedia.ch\/fr\/#\/schema\/logo\/image\/","url":"https:\/\/ceresmedia.ch\/wp-content\/uploads\/2022\/04\/visual_rgb.png","contentUrl":"https:\/\/ceresmedia.ch\/wp-content\/uploads\/2022\/04\/visual_rgb.png","width":1000,"height":1022,"caption":"CERES MEDIA"},"image":{"@id":"https:\/\/ceresmedia.ch\/fr\/#\/schema\/logo\/image\/"},"sameAs":["https:\/\/www.facebook.com\/ceresmedia.ch","https:\/\/www.instagram.com\/ceresmedia.ch\/","https:\/\/www.linkedin.com\/company\/ceresmedia\/about\/","https:\/\/www.youtube.com\/channel\/UCShUDGRj7FqGLIrPFiCnx2w"],"description":"CERES MEDIA est l'agence m\u00e9dia du secteur agroalimentaire suisse. En tant que partenaire exclusif d'AMS Agro-Marketing Suisse, nous d\u00e9veloppons des strat\u00e9gies et des campagnes plurim\u00e9dias afin de rendre les aliments r\u00e9gionaux plus visibles et d'encourager un comportement de consommation durable. Nous combinons une profonde connaissance du secteur avec un savoir-faire technologique et des conditions sp\u00e9ciales n\u00e9goci\u00e9es aupr\u00e8s de plus de 30 entreprises de m\u00e9dias (TV, presse, OOH, num\u00e9rique, cin\u00e9ma). Notre travail est bas\u00e9 sur la confiance, la transparence et des r\u00e9sultats mesurables - pour des clients que nous accompagnons en tant que partenaires strat\u00e9giques.","email":"hallo@ceresmedia.ch","telephone":"031 359 55 55","legalName":"CERES MEDIA AG","foundingDate":"2021-12-08","vatID":"CHE304215558","numberOfEmployees":{"@type":"QuantitativeValue","minValue":"1","maxValue":"10"},"publishingPrinciples":"https:\/\/ceresmedia.ch\/impressum\/","ownershipFundingInfo":"https:\/\/ceresmedia.ch\/impressum\/","actionableFeedbackPolicy":"https:\/\/ceresmedia.ch\/impressum\/","correctionsPolicy":"https:\/\/ceresmedia.ch\/impressum\/","ethicsPolicy":"https:\/\/ceresmedia.ch\/impressum\/"}]}},"_links":{"self":[{"href":"https:\/\/ceresmedia.ch\/fr\/wp-json\/wp\/v2\/pages\/2723","targetHints":{"allow":["GET"]}}],"collection":[{"href":"https:\/\/ceresmedia.ch\/fr\/wp-json\/wp\/v2\/pages"}],"about":[{"href":"https:\/\/ceresmedia.ch\/fr\/wp-json\/wp\/v2\/types\/page"}],"author":[{"embeddable":true,"href":"https:\/\/ceresmedia.ch\/fr\/wp-json\/wp\/v2\/users\/1"}],"replies":[{"embeddable":true,"href":"https:\/\/ceresmedia.ch\/fr\/wp-json\/wp\/v2\/comments?post=2723"}],"version-history":[{"count":25,"href":"https:\/\/ceresmedia.ch\/fr\/wp-json\/wp\/v2\/pages\/2723\/revisions"}],"predecessor-version":[{"id":5065,"href":"https:\/\/ceresmedia.ch\/fr\/wp-json\/wp\/v2\/pages\/2723\/revisions\/5065"}],"wp:featuredmedia":[{"embeddable":true,"href":"https:\/\/ceresmedia.ch\/fr\/wp-json\/wp\/v2\/media\/3229"}],"wp:attachment":[{"href":"https:\/\/ceresmedia.ch\/fr\/wp-json\/wp\/v2\/media?parent=2723"}],"curies":[{"name":"wp","href":"https:\/\/api.w.org\/{rel}","templated":true}]}}