{"id":2725,"date":"2021-12-23T14:02:07","date_gmt":"2021-12-23T14:02:07","guid":{"rendered":"https:\/\/ceresmedia.ch\/a-propos-de-nous\/association-ams\/"},"modified":"2023-08-10T11:00:42","modified_gmt":"2023-08-10T11:00:42","slug":"association-ams","status":"publish","type":"page","link":"https:\/\/ceresmedia.ch\/fr\/portrait\/association-ams\/","title":{"rendered":"Membres de l&rsquo;association AMS"},"content":{"rendered":"\t\t<div data-elementor-type=\"wp-page\" data-elementor-id=\"2725\" class=\"elementor elementor-2725 elementor-296\" data-elementor-post-type=\"page\">\n\t\t\t\t\t\t<section class=\"elementor-section elementor-top-section elementor-element elementor-element-a7eea0f elementor-section-full_width elementor-section-height-min-height elementor-section-items-top elementor-section-content-top elementor-reverse-tablet elementor-section-height-default\" data-id=\"a7eea0f\" data-element_type=\"section\" data-settings=\"{&quot;background_background&quot;:&quot;classic&quot;}\">\n\t\t\t\t\t\t<div class=\"elementor-container elementor-column-gap-wider\">\n\t\t\t\t\t<div class=\"elementor-column elementor-col-50 elementor-top-column elementor-element elementor-element-e1e0ffe\" data-id=\"e1e0ffe\" data-element_type=\"column\">\n\t\t\t<div class=\"elementor-widget-wrap elementor-element-populated\">\n\t\t\t\t\t\t<div class=\"elementor-element elementor-element-83f145c elementor-widget elementor-widget-heading\" data-id=\"83f145c\" data-element_type=\"widget\" data-widget_type=\"heading.default\">\n\t\t\t\t<div class=\"elementor-widget-container\">\n\t\t\t\t\t<h1 class=\"elementor-heading-title elementor-size-default\">Membres de l'association AMS<\/h1>\t\t\t\t<\/div>\n\t\t\t\t<\/div>\n\t\t\t\t<div class=\"elementor-element elementor-element-2342328 elementor-widget elementor-widget-heading\" data-id=\"2342328\" data-element_type=\"widget\" data-widget_type=\"heading.default\">\n\t\t\t\t<div class=\"elementor-widget-container\">\n\t\t\t\t\t<p class=\"elementor-heading-title elementor-size-default\">Les clients CERES MEDIA \u00e9galement membres de l'association AMS b\u00e9n\u00e9ficient de conditions particuli\u00e8res de marketing et de redevance m\u00e9dia.\n\nEn plus des conditions du groupe AMS, les membres de l'association AMS b\u00e9n\u00e9ficient de conditions sp\u00e9ciales suppl\u00e9mentaires et du plus grand pool de donn\u00e9es pour les donn\u00e9es de campagne agricole en Suisse. Cela permet aux membres du club de mener des campagnes publicitaires encore plus cibl\u00e9es, moins de gaspillage et donc plus de performance pour les francs publicitaires utilis\u00e9s. <\/p>\t\t\t\t<\/div>\n\t\t\t\t<\/div>\n\t\t\t\t<div class=\"elementor-element elementor-element-a24ac32 elementor-hidden-desktop elementor-hidden-tablet elementor-widget elementor-widget-video\" data-id=\"a24ac32\" data-element_type=\"widget\" data-settings=\"{&quot;youtube_url&quot;:&quot;https:\\\/\\\/youtu.be\\\/tMuHclWmBrk&quot;,&quot;video_type&quot;:&quot;youtube&quot;,&quot;controls&quot;:&quot;yes&quot;}\" data-widget_type=\"video.default\">\n\t\t\t\t<div class=\"elementor-widget-container\">\n\t\t\t\t\t\t\t<div class=\"elementor-wrapper elementor-open-inline\">\n\t\t\t<div class=\"elementor-video\"><\/div>\t\t<\/div>\n\t\t\t\t\t\t<\/div>\n\t\t\t\t<\/div>\n\t\t\t\t<div class=\"elementor-element elementor-element-1e28497 elementor-widget elementor-widget-heading\" data-id=\"1e28497\" data-element_type=\"widget\" data-widget_type=\"heading.default\">\n\t\t\t\t<div class=\"elementor-widget-container\">\n\t\t\t\t\t<h2 class=\"elementor-heading-title elementor-size-default\">Comment fonctionne le pool de donn\u00e9es de l'association AMS&nbsp;?<\/h2>\t\t\t\t<\/div>\n\t\t\t\t<\/div>\n\t\t\t\t<div class=\"elementor-element elementor-element-cd62df2 elementor-widget elementor-widget-heading\" data-id=\"cd62df2\" data-element_type=\"widget\" data-widget_type=\"heading.default\">\n\t\t\t\t<div class=\"elementor-widget-container\">\n\t\t\t\t\t<p class=\"elementor-heading-title elementor-size-default\">Les donn\u00e9es sont collect\u00e9es dans un pool de donn\u00e9es et pr\u00e9par\u00e9es selon des groupes de sujets. De cette fa\u00e7on, toutes les donn\u00e9es peuvent \u00eatre utilis\u00e9es pr\u00e9cis\u00e9ment pour les membres individuels du club.<\/p>\t\t\t\t<\/div>\n\t\t\t\t<\/div>\n\t\t\t\t<div class=\"elementor-element elementor-element-68a5a3a elementor-widget elementor-widget-heading\" data-id=\"68a5a3a\" data-element_type=\"widget\" data-widget_type=\"heading.default\">\n\t\t\t\t<div class=\"elementor-widget-container\">\n\t\t\t\t\t<h2 class=\"elementor-heading-title elementor-size-default\">Valeur ajout\u00e9e financi\u00e8re pour les membres du club<\/h2>\t\t\t\t<\/div>\n\t\t\t\t<\/div>\n\t\t\t\t<div class=\"elementor-element elementor-element-293f228 elementor-widget elementor-widget-heading\" data-id=\"293f228\" data-element_type=\"widget\" data-widget_type=\"heading.default\">\n\t\t\t\t<div class=\"elementor-widget-container\">\n\t\t\t\t\t<p class=\"elementor-heading-title elementor-size-default\">Afin de renforcer l'association AMS et donner \u00e0 ses membres une r\u00e9elle valeur ajout\u00e9e, CERES MEDIA n\u00e9gocie des conditions particuli\u00e8res pour les membres de l'association. De cette fa\u00e7on, le franc publicitaire peut \u00eatre utilis\u00e9 encore plus efficacement. \n\nPar ailleurs, CERES MEDIA propose \u00e9galement \u00e0 ses membres des tarifs pr\u00e9f\u00e9rentiels.<\/p>\t\t\t\t<\/div>\n\t\t\t\t<\/div>\n\t\t\t\t\t<\/div>\n\t\t<\/div>\n\t\t\t\t<div class=\"elementor-column elementor-col-50 elementor-top-column elementor-element elementor-element-0cab1eb\" data-id=\"0cab1eb\" data-element_type=\"column\">\n\t\t\t<div class=\"elementor-widget-wrap elementor-element-populated\">\n\t\t\t\t\t\t<div class=\"elementor-element elementor-element-80faae6 elementor-hidden-mobile elementor-widget elementor-widget-video\" data-id=\"80faae6\" data-element_type=\"widget\" data-settings=\"{&quot;youtube_url&quot;:&quot;https:\\\/\\\/youtu.be\\\/D7jnWUpcEJs&quot;,&quot;video_type&quot;:&quot;youtube&quot;,&quot;controls&quot;:&quot;yes&quot;}\" data-widget_type=\"video.default\">\n\t\t\t\t<div class=\"elementor-widget-container\">\n\t\t\t\t\t\t\t<div class=\"elementor-wrapper elementor-open-inline\">\n\t\t\t<div class=\"elementor-video\"><\/div>\t\t<\/div>\n\t\t\t\t\t\t<\/div>\n\t\t\t\t<\/div>\n\t\t\t\t\t<\/div>\n\t\t<\/div>\n\t\t\t\t\t<\/div>\n\t\t<\/section>\n\t\t\t\t<\/div>\n\t\t","protected":false},"excerpt":{"rendered":"<p>Membres de l&rsquo;association AMS Les clients CERES MEDIA \u00e9galement membres de l&rsquo;association AMS b\u00e9n\u00e9ficient de conditions particuli\u00e8res de marketing et de redevance m\u00e9dia. En plus des conditions du groupe AMS, les membres de l&rsquo;association AMS b\u00e9n\u00e9ficient de conditions sp\u00e9ciales suppl\u00e9mentaires et du plus grand pool de donn\u00e9es pour les donn\u00e9es de campagne agricole en Suisse. [&hellip;]<\/p>\n","protected":false},"author":1,"featured_media":3229,"parent":2716,"menu_order":0,"comment_status":"closed","ping_status":"closed","template":"","meta":{"footnotes":""},"class_list":["post-2725","page","type-page","status-publish","has-post-thumbnail","hentry"],"yoast_head":"<!-- This site is optimized with the Yoast SEO Premium plugin v25.0 (Yoast SEO v25.0) - https:\/\/yoast.com\/wordpress\/plugins\/seo\/ -->\n<title>Membres de l&#039;association AMS<\/title>\n<meta name=\"description\" content=\"Les clients CERES MEDIA \u00e9galement membres de l&#039;association AMS b\u00e9n\u00e9ficient de conditions particuli\u00e8res de marketing et de redevance m\u00e9dia.\" \/>\n<meta name=\"robots\" content=\"index, follow, max-snippet:-1, max-image-preview:large, max-video-preview:-1\" \/>\n<link rel=\"canonical\" href=\"https:\/\/ceresmedia.ch\/fr\/portrait\/association-ams\/\" \/>\n<meta property=\"og:locale\" content=\"fr_FR\" \/>\n<meta property=\"og:type\" content=\"article\" \/>\n<meta property=\"og:title\" content=\"Membres de l&#039;association AMS\" \/>\n<meta property=\"og:description\" content=\"Les clients CERES MEDIA \u00e9galement membres de l&#039;association AMS b\u00e9n\u00e9ficient de conditions particuli\u00e8res de marketing et de redevance m\u00e9dia.\" \/>\n<meta property=\"og:url\" content=\"https:\/\/ceresmedia.ch\/fr\/portrait\/association-ams\/\" \/>\n<meta property=\"og:site_name\" content=\"CERES MEDIA\" \/>\n<meta property=\"article:publisher\" content=\"https:\/\/www.facebook.com\/ceresmedia.ch\" \/>\n<meta property=\"article:modified_time\" content=\"2023-08-10T11:00:42+00:00\" \/>\n<meta property=\"og:image\" content=\"https:\/\/ceresmedia.ch\/wp-content\/uploads\/2021\/12\/visual_rgb.png\" \/>\n<meta name=\"twitter:card\" content=\"summary_large_image\" \/>\n<meta name=\"twitter:description\" content=\"Les clients CERES MEDIA \u00e9galement membres de l&#039;association AMS b\u00e9n\u00e9ficient de conditions particuli\u00e8res de marketing et de redevance m\u00e9dia.\" \/>\n<meta name=\"twitter:label1\" content=\"Dur\u00e9e de lecture estim\u00e9e\" \/>\n\t<meta name=\"twitter:data1\" content=\"1 minute\" \/>\n<!-- \/ Yoast SEO Premium plugin. -->","yoast_head_json":{"title":"Membres de l'association AMS","description":"Les clients CERES MEDIA \u00e9galement membres de l'association AMS b\u00e9n\u00e9ficient de conditions particuli\u00e8res de marketing et de redevance m\u00e9dia.","robots":{"index":"index","follow":"follow","max-snippet":"max-snippet:-1","max-image-preview":"max-image-preview:large","max-video-preview":"max-video-preview:-1"},"canonical":"https:\/\/ceresmedia.ch\/fr\/portrait\/association-ams\/","og_locale":"fr_FR","og_type":"article","og_title":"Membres de l'association AMS","og_description":"Les clients CERES MEDIA \u00e9galement membres de l'association AMS b\u00e9n\u00e9ficient de conditions particuli\u00e8res de marketing et de redevance m\u00e9dia.","og_url":"https:\/\/ceresmedia.ch\/fr\/portrait\/association-ams\/","og_site_name":"CERES MEDIA","article_publisher":"https:\/\/www.facebook.com\/ceresmedia.ch","article_modified_time":"2023-08-10T11:00:42+00:00","og_image":[{"url":"https:\/\/ceresmedia.ch\/wp-content\/uploads\/2021\/12\/visual_rgb.png","type":"","width":"","height":""}],"twitter_card":"summary_large_image","twitter_description":"Les clients CERES MEDIA \u00e9galement membres de l'association AMS b\u00e9n\u00e9ficient de conditions particuli\u00e8res de marketing et de redevance m\u00e9dia.","twitter_misc":{"Dur\u00e9e de lecture estim\u00e9e":"1 minute"},"schema":{"@context":"https:\/\/schema.org","@graph":[{"@type":"WebPage","@id":"https:\/\/ceresmedia.ch\/fr\/portrait\/association-ams\/","url":"https:\/\/ceresmedia.ch\/fr\/portrait\/association-ams\/","name":"Membres de l'association AMS","isPartOf":{"@id":"https:\/\/ceresmedia.ch\/fr\/#website"},"primaryImageOfPage":{"@id":"https:\/\/ceresmedia.ch\/fr\/portrait\/association-ams\/#primaryimage"},"image":{"@id":"https:\/\/ceresmedia.ch\/fr\/portrait\/association-ams\/#primaryimage"},"thumbnailUrl":"https:\/\/ceresmedia.ch\/wp-content\/uploads\/2021\/12\/visual_rgb.png","datePublished":"2021-12-23T14:02:07+00:00","dateModified":"2023-08-10T11:00:42+00:00","description":"Les clients CERES MEDIA \u00e9galement membres de l'association AMS b\u00e9n\u00e9ficient de conditions particuli\u00e8res de marketing et de redevance m\u00e9dia.","breadcrumb":{"@id":"https:\/\/ceresmedia.ch\/fr\/portrait\/association-ams\/#breadcrumb"},"inLanguage":"fr-FR","potentialAction":[{"@type":"ReadAction","target":["https:\/\/ceresmedia.ch\/fr\/portrait\/association-ams\/"]}]},{"@type":"ImageObject","inLanguage":"fr-FR","@id":"https:\/\/ceresmedia.ch\/fr\/portrait\/association-ams\/#primaryimage","url":"https:\/\/ceresmedia.ch\/wp-content\/uploads\/2021\/12\/visual_rgb.png","contentUrl":"https:\/\/ceresmedia.ch\/wp-content\/uploads\/2021\/12\/visual_rgb.png","width":1000,"height":1022,"caption":"Logo"},{"@type":"BreadcrumbList","@id":"https:\/\/ceresmedia.ch\/fr\/portrait\/association-ams\/#breadcrumb","itemListElement":[{"@type":"ListItem","position":1,"name":"Home","item":"https:\/\/ceresmedia.ch\/fr\/"},{"@type":"ListItem","position":2,"name":"Portrait","item":"https:\/\/ceresmedia.ch\/fr\/portrait\/"},{"@type":"ListItem","position":3,"name":"Membres de l&#8217;association AMS"}]},{"@type":"WebSite","@id":"https:\/\/ceresmedia.ch\/fr\/#website","url":"https:\/\/ceresmedia.ch\/fr\/","name":"CERES MEDIA","description":"Die Full-Service-Agentur der Schweizer Land- und Ern\u00e4hrungswirtschaft","publisher":{"@id":"https:\/\/ceresmedia.ch\/fr\/#organization"},"potentialAction":[{"@type":"SearchAction","target":{"@type":"EntryPoint","urlTemplate":"https:\/\/ceresmedia.ch\/fr\/?s={search_term_string}"},"query-input":{"@type":"PropertyValueSpecification","valueRequired":true,"valueName":"search_term_string"}}],"inLanguage":"fr-FR"},{"@type":"Organization","@id":"https:\/\/ceresmedia.ch\/fr\/#organization","name":"CERES MEDIA","url":"https:\/\/ceresmedia.ch\/fr\/","logo":{"@type":"ImageObject","inLanguage":"fr-FR","@id":"https:\/\/ceresmedia.ch\/fr\/#\/schema\/logo\/image\/","url":"https:\/\/ceresmedia.ch\/wp-content\/uploads\/2022\/04\/visual_rgb.png","contentUrl":"https:\/\/ceresmedia.ch\/wp-content\/uploads\/2022\/04\/visual_rgb.png","width":1000,"height":1022,"caption":"CERES MEDIA"},"image":{"@id":"https:\/\/ceresmedia.ch\/fr\/#\/schema\/logo\/image\/"},"sameAs":["https:\/\/www.facebook.com\/ceresmedia.ch","https:\/\/www.instagram.com\/ceresmedia.ch\/","https:\/\/www.linkedin.com\/company\/ceresmedia\/about\/","https:\/\/www.youtube.com\/channel\/UCShUDGRj7FqGLIrPFiCnx2w"],"description":"CERES MEDIA est l'agence m\u00e9dia du secteur agroalimentaire suisse. En tant que partenaire exclusif d'AMS Agro-Marketing Suisse, nous d\u00e9veloppons des strat\u00e9gies et des campagnes plurim\u00e9dias afin de rendre les aliments r\u00e9gionaux plus visibles et d'encourager un comportement de consommation durable. Nous combinons une profonde connaissance du secteur avec un savoir-faire technologique et des conditions sp\u00e9ciales n\u00e9goci\u00e9es aupr\u00e8s de plus de 30 entreprises de m\u00e9dias (TV, presse, OOH, num\u00e9rique, cin\u00e9ma). Notre travail est bas\u00e9 sur la confiance, la transparence et des r\u00e9sultats mesurables - pour des clients que nous accompagnons en tant que partenaires strat\u00e9giques.","email":"hallo@ceresmedia.ch","telephone":"031 359 55 55","legalName":"CERES MEDIA AG","foundingDate":"2021-12-08","vatID":"CHE304215558","numberOfEmployees":{"@type":"QuantitativeValue","minValue":"1","maxValue":"10"},"publishingPrinciples":"https:\/\/ceresmedia.ch\/impressum\/","ownershipFundingInfo":"https:\/\/ceresmedia.ch\/impressum\/","actionableFeedbackPolicy":"https:\/\/ceresmedia.ch\/impressum\/","correctionsPolicy":"https:\/\/ceresmedia.ch\/impressum\/","ethicsPolicy":"https:\/\/ceresmedia.ch\/impressum\/"}]}},"_links":{"self":[{"href":"https:\/\/ceresmedia.ch\/fr\/wp-json\/wp\/v2\/pages\/2725","targetHints":{"allow":["GET"]}}],"collection":[{"href":"https:\/\/ceresmedia.ch\/fr\/wp-json\/wp\/v2\/pages"}],"about":[{"href":"https:\/\/ceresmedia.ch\/fr\/wp-json\/wp\/v2\/types\/page"}],"author":[{"embeddable":true,"href":"https:\/\/ceresmedia.ch\/fr\/wp-json\/wp\/v2\/users\/1"}],"replies":[{"embeddable":true,"href":"https:\/\/ceresmedia.ch\/fr\/wp-json\/wp\/v2\/comments?post=2725"}],"version-history":[{"count":36,"href":"https:\/\/ceresmedia.ch\/fr\/wp-json\/wp\/v2\/pages\/2725\/revisions"}],"predecessor-version":[{"id":4556,"href":"https:\/\/ceresmedia.ch\/fr\/wp-json\/wp\/v2\/pages\/2725\/revisions\/4556"}],"up":[{"embeddable":true,"href":"https:\/\/ceresmedia.ch\/fr\/wp-json\/wp\/v2\/pages\/2716"}],"wp:featuredmedia":[{"embeddable":true,"href":"https:\/\/ceresmedia.ch\/fr\/wp-json\/wp\/v2\/media\/3229"}],"wp:attachment":[{"href":"https:\/\/ceresmedia.ch\/fr\/wp-json\/wp\/v2\/media?parent=2725"}],"curies":[{"name":"wp","href":"https:\/\/api.w.org\/{rel}","templated":true}]}}